{"id":2418,"date":"2025-05-04T19:12:52","date_gmt":"2025-05-04T19:12:52","guid":{"rendered":"https:\/\/staging.letempsjadisauction.com\/?post_type=product&#038;p=2418"},"modified":"2025-05-28T17:57:02","modified_gmt":"2025-05-28T17:57:02","slug":"200-algerie-beni-yenni-belangrijk-tabzimt","status":"publish","type":"product","link":"https:\/\/staging.letempsjadisauction.com\/nl\/veiling\/200-algerie-beni-yenni-belangrijk-tabzimt\/","title":{"rendered":"200. Algerije, Beni Yenni - Belangrijk \"Tabzimt"},"content":{"rendered":"<p>Alg\u00e9rie, Beni Yenni, Important \u00ab\u00a0Tabzimt\u00a0\u00bb, fibule, en argent d\u00e9cor\u00e9 d&rsquo;\u00e9maux cloisonn\u00e9s ocre, bleu, vert et de cabochons. Poids : 291 grammes. Hauteur : 16 cm<\/p>","protected":false},"excerpt":{"rendered":"<p>Alg\u00e9rie, Beni Yenni \u2013 Important \u00ab\u00a0Tabzimt\u00a0\u00bb<\/p>","protected":false},"featured_media":2283,"template":"","meta":{"_acf_changed":false,"inline_featured_image":false},"online_sale":[53],"product_brand":[],"product_cat":[18],"product_tag":[],"class_list":{"0":"post-2418","1":"product","2":"type-product","3":"status-publish","4":"has-post-thumbnail","6":"online_sale-mai-2025","7":"product_cat-non-classe","9":"first","10":"instock","11":"shipping-taxable","12":"purchasable","13":"product-type-auction"},"acf":[],"_links":{"self":[{"href":"https:\/\/staging.letempsjadisauction.com\/nl\/wp-json\/wp\/v2\/product\/2418","targetHints":{"allow":["GET"]}}],"collection":[{"href":"https:\/\/staging.letempsjadisauction.com\/nl\/wp-json\/wp\/v2\/product"}],"about":[{"href":"https:\/\/staging.letempsjadisauction.com\/nl\/wp-json\/wp\/v2\/types\/product"}],"wp:featuredmedia":[{"embeddable":true,"href":"https:\/\/staging.letempsjadisauction.com\/nl\/wp-json\/wp\/v2\/media\/2283"}],"wp:attachment":[{"href":"https:\/\/staging.letempsjadisauction.com\/nl\/wp-json\/wp\/v2\/media?parent=2418"}],"wp:term":[{"taxonomy":"online_sale","embeddable":true,"href":"https:\/\/staging.letempsjadisauction.com\/nl\/wp-json\/wp\/v2\/online_sale?post=2418"},{"taxonomy":"product_brand","embeddable":true,"href":"https:\/\/staging.letempsjadisauction.com\/nl\/wp-json\/wp\/v2\/product_brand?post=2418"},{"taxonomy":"product_cat","embeddable":true,"href":"https:\/\/staging.letempsjadisauction.com\/nl\/wp-json\/wp\/v2\/product_cat?post=2418"},{"taxonomy":"product_tag","embeddable":true,"href":"https:\/\/staging.letempsjadisauction.com\/nl\/wp-json\/wp\/v2\/product_tag?post=2418"}],"curies":[{"name":"wp","href":"https:\/\/api.w.org\/{rel}","templated":true}]}}