{"id":2404,"date":"2025-05-04T19:12:22","date_gmt":"2025-05-04T19:12:22","guid":{"rendered":"https:\/\/staging.letempsjadisauction.com\/?post_type=product&#038;p=2404"},"modified":"2025-05-04T19:12:22","modified_gmt":"2025-05-04T19:12:22","slug":"186-anonieme-18-karaat-gouden-zegelring-in-onyx-intaglio-met-voorstelling-van-een-lantic-figuur-maat-52","status":"publish","type":"product","link":"https:\/\/staging.letempsjadisauction.com\/nl\/veiling\/186-anonieme-18-karaat-gouden-zegelring-in-onyx-intaglio-met-voorstelling-van-een-lantic-figuur-maat-52\/","title":{"rendered":"186. Anoniem - Chevali\u00e8re in 18 karaat goud met onyx intaglio en antiek figuur Maat 52"},"content":{"rendered":"<p>Chevali\u00e8re or 18 carats intaille en onyx avec repr\u00e9sentation d&rsquo;un personnage \u00e0 l&rsquo;antique Taille 52<\/p>","protected":false},"excerpt":{"rendered":"<p>Anonyme \u2013 Chevali\u00e8re or 18 carats intaille en onyx avec repr\u00e9sentation d&rsquo;un personnage \u00e0 l&rsquo;antique Taille 52<\/p>","protected":false},"featured_media":2236,"template":"","meta":{"_acf_changed":false,"inline_featured_image":false},"online_sale":[53],"product_brand":[],"product_cat":[18],"product_tag":[],"class_list":{"0":"post-2404","1":"product","2":"type-product","3":"status-publish","4":"has-post-thumbnail","6":"online_sale-mai-2025","7":"product_cat-non-classe","9":"first","10":"instock","11":"shipping-taxable","12":"purchasable","13":"product-type-auction"},"acf":[],"_links":{"self":[{"href":"https:\/\/staging.letempsjadisauction.com\/nl\/wp-json\/wp\/v2\/product\/2404","targetHints":{"allow":["GET"]}}],"collection":[{"href":"https:\/\/staging.letempsjadisauction.com\/nl\/wp-json\/wp\/v2\/product"}],"about":[{"href":"https:\/\/staging.letempsjadisauction.com\/nl\/wp-json\/wp\/v2\/types\/product"}],"wp:featuredmedia":[{"embeddable":true,"href":"https:\/\/staging.letempsjadisauction.com\/nl\/wp-json\/wp\/v2\/media\/2236"}],"wp:attachment":[{"href":"https:\/\/staging.letempsjadisauction.com\/nl\/wp-json\/wp\/v2\/media?parent=2404"}],"wp:term":[{"taxonomy":"online_sale","embeddable":true,"href":"https:\/\/staging.letempsjadisauction.com\/nl\/wp-json\/wp\/v2\/online_sale?post=2404"},{"taxonomy":"product_brand","embeddable":true,"href":"https:\/\/staging.letempsjadisauction.com\/nl\/wp-json\/wp\/v2\/product_brand?post=2404"},{"taxonomy":"product_cat","embeddable":true,"href":"https:\/\/staging.letempsjadisauction.com\/nl\/wp-json\/wp\/v2\/product_cat?post=2404"},{"taxonomy":"product_tag","embeddable":true,"href":"https:\/\/staging.letempsjadisauction.com\/nl\/wp-json\/wp\/v2\/product_tag?post=2404"}],"curies":[{"name":"wp","href":"https:\/\/api.w.org\/{rel}","templated":true}]}}