{"id":2395,"date":"2025-05-04T19:12:14","date_gmt":"2025-05-04T19:12:14","guid":{"rendered":"https:\/\/staging.letempsjadisauction.com\/?post_type=product&#038;p=2395"},"modified":"2025-06-09T16:18:02","modified_gmt":"2025-06-09T16:18:02","slug":"177-yvon-adam-vrouw-in-een-psychedelische-omgeving","status":"publish","type":"product","link":"https:\/\/staging.letempsjadisauction.com\/nl\/veiling\/177-yvon-adam-vrouw-in-een-psychedelische-omgeving\/","title":{"rendered":"177. Yvon Adam - Vrouw in een psychedelische omgeving"},"content":{"rendered":"<p>Yvon Adam, 1932 &#8211; 2017, femme dans un d\u00e9cor psych\u00e9d\u00e9lique, huile sur toile, 1975, 74,5 x 100  cm, s.c. , sign\u00e9e et dat\u00e9e en bas \u00e0 droite. Toile renfonc\u00e9e dans la partie sup\u00e9rieure, sans manques.<\/p>","protected":false},"excerpt":{"rendered":"<p>Yvon Adam - Vrouw in een psychedelische omgeving<\/p>","protected":false},"featured_media":2209,"template":"","meta":{"_acf_changed":false,"inline_featured_image":false},"online_sale":[53],"product_brand":[],"product_cat":[18],"product_tag":[],"class_list":{"0":"post-2395","1":"product","2":"type-product","3":"status-publish","4":"has-post-thumbnail","6":"online_sale-mai-2025","7":"product_cat-non-classe","9":"first","10":"instock","11":"shipping-taxable","12":"purchasable","13":"product-type-auction"},"acf":[],"_links":{"self":[{"href":"https:\/\/staging.letempsjadisauction.com\/nl\/wp-json\/wp\/v2\/product\/2395","targetHints":{"allow":["GET"]}}],"collection":[{"href":"https:\/\/staging.letempsjadisauction.com\/nl\/wp-json\/wp\/v2\/product"}],"about":[{"href":"https:\/\/staging.letempsjadisauction.com\/nl\/wp-json\/wp\/v2\/types\/product"}],"wp:featuredmedia":[{"embeddable":true,"href":"https:\/\/staging.letempsjadisauction.com\/nl\/wp-json\/wp\/v2\/media\/2209"}],"wp:attachment":[{"href":"https:\/\/staging.letempsjadisauction.com\/nl\/wp-json\/wp\/v2\/media?parent=2395"}],"wp:term":[{"taxonomy":"online_sale","embeddable":true,"href":"https:\/\/staging.letempsjadisauction.com\/nl\/wp-json\/wp\/v2\/online_sale?post=2395"},{"taxonomy":"product_brand","embeddable":true,"href":"https:\/\/staging.letempsjadisauction.com\/nl\/wp-json\/wp\/v2\/product_brand?post=2395"},{"taxonomy":"product_cat","embeddable":true,"href":"https:\/\/staging.letempsjadisauction.com\/nl\/wp-json\/wp\/v2\/product_cat?post=2395"},{"taxonomy":"product_tag","embeddable":true,"href":"https:\/\/staging.letempsjadisauction.com\/nl\/wp-json\/wp\/v2\/product_tag?post=2395"}],"curies":[{"name":"wp","href":"https:\/\/api.w.org\/{rel}","templated":true}]}}