{"id":2385,"date":"2025-05-04T19:11:12","date_gmt":"2025-05-04T19:11:12","guid":{"rendered":"https:\/\/staging.letempsjadisauction.com\/?post_type=product&#038;p=2385"},"modified":"2025-06-18T06:28:34","modified_gmt":"2025-06-18T06:28:34","slug":"167-jenny-montigny-portret-van-een-jong-meisje","status":"publish","type":"product","link":"https:\/\/staging.letempsjadisauction.com\/nl\/veiling\/167-jenny-montigny-portret-van-een-jong-meisje\/","title":{"rendered":"167. Jenny Montigny - Portret van een jong meisje"},"content":{"rendered":"<p><strong>Jenny Montigny (Gand, 1875 &#8211; Deurle, 1937)<\/strong><\/p>\n<p><em>Portrait de jeune fille<\/em><\/p>\n<p>Dessin au crayon noir sur papier<\/p>\n<p>33 x 28 cm<\/p>\n<p><strong>Estimation\u00a0: 300 &#8211; 400 \u20ac<\/strong><\/p>\n<p><strong>\u00a0<\/strong><\/p>\n<p>Provenance\u00a0: collection particuli\u00e8re belge<\/p>\n<p>&nbsp;<\/p>\n<p>Malgr\u00e9 l&rsquo;opposition de sa famille, Jenny Montigny d\u00e9cide, \u00e0 18 ans, de suivre des cours de peinture dans l&rsquo;atelier d&rsquo;\u00c9mile Claus \u00e0 Astene. Fid\u00e8le \u00e0 l&rsquo;influence de son ma\u00eetre, elle adopte un style luministe, privil\u00e9giant les sc\u00e8nes de la vie rurale et la repr\u00e9sentation de l&rsquo;enfance, un th\u00e8me qui lui est particuli\u00e8rement cher.<\/p>\n<p>Ce dessin illustre parfaitement cet attachement. On y d\u00e9couvre le portrait d\u2019une jeune fille, la t\u00eate tourn\u00e9e de trois quarts vers la gauche. Esquisse intime et expressive, cette \u0153uvre t\u00e9moigne de la ma\u00eetrise technique de l\u2019artiste et de la vivacit\u00e9 de son trait.<\/p>\n<p>Jenny Montigny \u00e9tait membre du groupe artistique Vie et Lumi\u00e8re, fond\u00e9 par \u00c9mile Claus, Georges Morren et Adrien-Joseph Heymans. Ce cercle comptait \u00e9galement parmi ses membres James Ensor, Georges Lemmen, Anna Boch, Guillaume Van Strydonck ainsi que plusieurs disciples de Claus, tels que Georges Buysse, Edmond Verstraeten, Anna De Weert et Modeste Huys.<\/p>\n<p>&nbsp;<\/p>\n<p>Expertise: Terrana Antiques and Fine Arts<\/p>","protected":false},"excerpt":{"rendered":"<p>Jenny Montigny - Portret van een jong meisje<\/p>","protected":false},"featured_media":2177,"template":"","meta":{"_acf_changed":false,"inline_featured_image":false},"online_sale":[53],"product_brand":[],"product_cat":[18],"product_tag":[],"class_list":{"0":"post-2385","1":"product","2":"type-product","3":"status-publish","4":"has-post-thumbnail","6":"online_sale-mai-2025","7":"product_cat-non-classe","9":"first","10":"instock","11":"shipping-taxable","12":"purchasable","13":"product-type-auction"},"acf":[],"_links":{"self":[{"href":"https:\/\/staging.letempsjadisauction.com\/nl\/wp-json\/wp\/v2\/product\/2385","targetHints":{"allow":["GET"]}}],"collection":[{"href":"https:\/\/staging.letempsjadisauction.com\/nl\/wp-json\/wp\/v2\/product"}],"about":[{"href":"https:\/\/staging.letempsjadisauction.com\/nl\/wp-json\/wp\/v2\/types\/product"}],"wp:featuredmedia":[{"embeddable":true,"href":"https:\/\/staging.letempsjadisauction.com\/nl\/wp-json\/wp\/v2\/media\/2177"}],"wp:attachment":[{"href":"https:\/\/staging.letempsjadisauction.com\/nl\/wp-json\/wp\/v2\/media?parent=2385"}],"wp:term":[{"taxonomy":"online_sale","embeddable":true,"href":"https:\/\/staging.letempsjadisauction.com\/nl\/wp-json\/wp\/v2\/online_sale?post=2385"},{"taxonomy":"product_brand","embeddable":true,"href":"https:\/\/staging.letempsjadisauction.com\/nl\/wp-json\/wp\/v2\/product_brand?post=2385"},{"taxonomy":"product_cat","embeddable":true,"href":"https:\/\/staging.letempsjadisauction.com\/nl\/wp-json\/wp\/v2\/product_cat?post=2385"},{"taxonomy":"product_tag","embeddable":true,"href":"https:\/\/staging.letempsjadisauction.com\/nl\/wp-json\/wp\/v2\/product_tag?post=2385"}],"curies":[{"name":"wp","href":"https:\/\/api.w.org\/{rel}","templated":true}]}}