{"id":2383,"date":"2025-05-04T19:11:14","date_gmt":"2025-05-04T19:11:14","guid":{"rendered":"https:\/\/staging.letempsjadisauction.com\/?post_type=product&#038;p=2383"},"modified":"2025-05-28T16:12:01","modified_gmt":"2025-05-28T16:12:01","slug":"165-dionys-verburg-berglandschap-met-dorpsgezichten","status":"publish","type":"product","link":"https:\/\/staging.letempsjadisauction.com\/nl\/veiling\/165-dionys-verburg-berglandschap-met-dorpsgezichten\/","title":{"rendered":"165. Dionys Verburg - Berglandschap met sc\u00e8nes uit het dorpsleven"},"content":{"rendered":"<p><strong>Dionys Verburg (Rotterdam, 1636\/37 &#8211; Rotterdam, 1722)<\/strong><\/p>\n<p><em>Paysage montagneux anim\u00e9 par des sc\u00e8nes de vie villageoises<\/em><\/p>\n<p>Huile sur panneau. Marque incis\u00e9e du pannautier.<\/p>\n<p>82 x 59 cm<\/p>\n<p><strong>Estimation\u00a0: 3000 &#8211; 5000 \u20ac<\/strong><\/p>\n<p><strong>\u00a0<\/strong><\/p>\n<p>Provenance\u00a0: collection particuli\u00e8re belge<\/p>\n<p>&nbsp;<\/p>\n<p>Peintre originaire de Rotterdam, Dionys Verburg \u00e9tait issu d\u2019une famille de marchands de draps en laine. Deux de ses fils, Rutger (1678-1727) et Jan Verburgh (1689-?), ont suivi ses pas en devenant peintres \u00e0 leur tour.<\/p>\n<p>Paysagiste de l\u2019\u00e2ge d\u2019or n\u00e9erlandais, il s\u2019est sp\u00e9cialis\u00e9 dans la repr\u00e9sentation de paysages. Ses compositions mettent en sc\u00e8ne des vall\u00e9es bord\u00e9es de quais, de villages et de collines, t\u00e9moignant de l\u2019influence de Gerrit Battem, artiste r\u00e9put\u00e9 pour ses paysages minutieusement d\u00e9taill\u00e9s. Ainsi, Verburg s\u2019inscrit pleinement dans la tradition des grands peintres paysagistes n\u00e9erlandais du XVII\u1d49 si\u00e8cle.<\/p>\n<p>Notre \u0153uvre montre un hameau compos\u00e9 de quatre maisons dispos\u00e9es de part et d\u2019autre d\u2019une route traversant un paysage vallonn\u00e9 et verdoyant. Des personnages animent la sc\u00e8ne : certains \u00e0 cheval, d\u2019autres en pleine discussion, tandis que quelques-uns semblent sortir d\u2019une taverne, conf\u00e9rant \u00e0 l\u2019ensemble une atmosph\u00e8re vivante et pittoresque.<\/p>\n<p>Accompagn\u00e9 de son dossier de restauration.<\/p>\n<p>Expertise: Terrana Antiques and Fine Arts<\/p>","protected":false},"excerpt":{"rendered":"<p>Dionys Verburg - Berglandschap met sc\u00e8nes uit het dorpsleven<\/p>","protected":false},"featured_media":2163,"template":"","meta":{"_acf_changed":false,"inline_featured_image":false},"online_sale":[53],"product_brand":[],"product_cat":[18],"product_tag":[],"class_list":{"0":"post-2383","1":"product","2":"type-product","3":"status-publish","4":"has-post-thumbnail","6":"online_sale-mai-2025","7":"product_cat-non-classe","9":"first","10":"instock","11":"shipping-taxable","12":"purchasable","13":"product-type-auction"},"acf":[],"_links":{"self":[{"href":"https:\/\/staging.letempsjadisauction.com\/nl\/wp-json\/wp\/v2\/product\/2383","targetHints":{"allow":["GET"]}}],"collection":[{"href":"https:\/\/staging.letempsjadisauction.com\/nl\/wp-json\/wp\/v2\/product"}],"about":[{"href":"https:\/\/staging.letempsjadisauction.com\/nl\/wp-json\/wp\/v2\/types\/product"}],"wp:featuredmedia":[{"embeddable":true,"href":"https:\/\/staging.letempsjadisauction.com\/nl\/wp-json\/wp\/v2\/media\/2163"}],"wp:attachment":[{"href":"https:\/\/staging.letempsjadisauction.com\/nl\/wp-json\/wp\/v2\/media?parent=2383"}],"wp:term":[{"taxonomy":"online_sale","embeddable":true,"href":"https:\/\/staging.letempsjadisauction.com\/nl\/wp-json\/wp\/v2\/online_sale?post=2383"},{"taxonomy":"product_brand","embeddable":true,"href":"https:\/\/staging.letempsjadisauction.com\/nl\/wp-json\/wp\/v2\/product_brand?post=2383"},{"taxonomy":"product_cat","embeddable":true,"href":"https:\/\/staging.letempsjadisauction.com\/nl\/wp-json\/wp\/v2\/product_cat?post=2383"},{"taxonomy":"product_tag","embeddable":true,"href":"https:\/\/staging.letempsjadisauction.com\/nl\/wp-json\/wp\/v2\/product_tag?post=2383"}],"curies":[{"name":"wp","href":"https:\/\/api.w.org\/{rel}","templated":true}]}}