{"id":2379,"date":"2025-05-04T19:11:02","date_gmt":"2025-05-04T19:11:02","guid":{"rendered":"https:\/\/staging.letempsjadisauction.com\/?post_type=product&#038;p=2379"},"modified":"2025-05-04T19:11:02","modified_gmt":"2025-05-04T19:11:02","slug":"161-charles-etienne-corpet-stilleven-met-groenten-en-fruit","status":"publish","type":"product","link":"https:\/\/staging.letempsjadisauction.com\/nl\/veiling\/161-charles-etienne-corpet-stilleven-met-groenten-en-fruit\/","title":{"rendered":"161. Charles \u00c9tienne Corpet - Stilleven met fruit en groenten"},"content":{"rendered":"<p>Charles \u00c9tienne Corpet, 1831-1903,  nature morte aux fruits et l\u00e9gumes, Huile sur toile, 19e &#8211; 20e si\u00e8cle, 64  x 81 cm, avec cadre : 79 x 96 cm, sign\u00e9 en bas \u00e0 droite. Restaurations, griffe dans le vernis.<\/p>","protected":false},"excerpt":{"rendered":"<p>Charles \u00c9tienne Corpet - Stilleven met groenten en fruit<\/p>","protected":false},"featured_media":2144,"template":"","meta":{"_acf_changed":false,"inline_featured_image":false},"online_sale":[53],"product_brand":[],"product_cat":[18],"product_tag":[],"class_list":{"0":"post-2379","1":"product","2":"type-product","3":"status-publish","4":"has-post-thumbnail","6":"online_sale-mai-2025","7":"product_cat-non-classe","9":"first","10":"instock","11":"shipping-taxable","12":"purchasable","13":"product-type-auction"},"acf":[],"_links":{"self":[{"href":"https:\/\/staging.letempsjadisauction.com\/nl\/wp-json\/wp\/v2\/product\/2379","targetHints":{"allow":["GET"]}}],"collection":[{"href":"https:\/\/staging.letempsjadisauction.com\/nl\/wp-json\/wp\/v2\/product"}],"about":[{"href":"https:\/\/staging.letempsjadisauction.com\/nl\/wp-json\/wp\/v2\/types\/product"}],"wp:featuredmedia":[{"embeddable":true,"href":"https:\/\/staging.letempsjadisauction.com\/nl\/wp-json\/wp\/v2\/media\/2144"}],"wp:attachment":[{"href":"https:\/\/staging.letempsjadisauction.com\/nl\/wp-json\/wp\/v2\/media?parent=2379"}],"wp:term":[{"taxonomy":"online_sale","embeddable":true,"href":"https:\/\/staging.letempsjadisauction.com\/nl\/wp-json\/wp\/v2\/online_sale?post=2379"},{"taxonomy":"product_brand","embeddable":true,"href":"https:\/\/staging.letempsjadisauction.com\/nl\/wp-json\/wp\/v2\/product_brand?post=2379"},{"taxonomy":"product_cat","embeddable":true,"href":"https:\/\/staging.letempsjadisauction.com\/nl\/wp-json\/wp\/v2\/product_cat?post=2379"},{"taxonomy":"product_tag","embeddable":true,"href":"https:\/\/staging.letempsjadisauction.com\/nl\/wp-json\/wp\/v2\/product_tag?post=2379"}],"curies":[{"name":"wp","href":"https:\/\/api.w.org\/{rel}","templated":true}]}}