{"id":2374,"date":"2025-05-04T19:11:06","date_gmt":"2025-05-04T19:11:06","guid":{"rendered":"https:\/\/staging.letempsjadisauction.com\/?post_type=product&#038;p=2374"},"modified":"2025-05-28T15:45:01","modified_gmt":"2025-05-28T15:45:01","slug":"156-victor-gabriel-gilbert-scene-van-galanterie-man-die-een-dame-het-hof-maakt","status":"publish","type":"product","link":"https:\/\/staging.letempsjadisauction.com\/nl\/veiling\/156-victor-gabriel-gilbert-scene-van-galanterie-man-die-een-dame-het-hof-maakt\/","title":{"rendered":"156. Victor Gabriel Gilbert (Attribu\u00e9) \u2013 Sc\u00e8ne de galanterie : Homme courtisant une dame"},"content":{"rendered":"<p>Atrribu\u00e9 \u00e0 Victor Gabriel Gilbert, 1847-1933, Sc\u00e8ne de galanterie : Homme courtisant une dame occup\u00e9e \u00e0 travailler avec des fleurs, huile sur toile, 46 x 55cm, avec cadre : 71 x 80 cm<\/p>","protected":false},"excerpt":{"rendered":"<p>Attribu\u00e9 \u00e0 Victor Gabriel Gilbert \u2013 Sc\u00e8ne de galanterie : Homme courtisant une dame<\/p>","protected":false},"featured_media":2275,"template":"","meta":{"_acf_changed":false,"inline_featured_image":false},"online_sale":[53],"product_brand":[],"product_cat":[18],"product_tag":[],"class_list":{"0":"post-2374","1":"product","2":"type-product","3":"status-publish","4":"has-post-thumbnail","6":"online_sale-mai-2025","7":"product_cat-non-classe","9":"first","10":"instock","11":"shipping-taxable","12":"purchasable","13":"product-type-auction"},"acf":[],"_links":{"self":[{"href":"https:\/\/staging.letempsjadisauction.com\/nl\/wp-json\/wp\/v2\/product\/2374","targetHints":{"allow":["GET"]}}],"collection":[{"href":"https:\/\/staging.letempsjadisauction.com\/nl\/wp-json\/wp\/v2\/product"}],"about":[{"href":"https:\/\/staging.letempsjadisauction.com\/nl\/wp-json\/wp\/v2\/types\/product"}],"wp:featuredmedia":[{"embeddable":true,"href":"https:\/\/staging.letempsjadisauction.com\/nl\/wp-json\/wp\/v2\/media\/2275"}],"wp:attachment":[{"href":"https:\/\/staging.letempsjadisauction.com\/nl\/wp-json\/wp\/v2\/media?parent=2374"}],"wp:term":[{"taxonomy":"online_sale","embeddable":true,"href":"https:\/\/staging.letempsjadisauction.com\/nl\/wp-json\/wp\/v2\/online_sale?post=2374"},{"taxonomy":"product_brand","embeddable":true,"href":"https:\/\/staging.letempsjadisauction.com\/nl\/wp-json\/wp\/v2\/product_brand?post=2374"},{"taxonomy":"product_cat","embeddable":true,"href":"https:\/\/staging.letempsjadisauction.com\/nl\/wp-json\/wp\/v2\/product_cat?post=2374"},{"taxonomy":"product_tag","embeddable":true,"href":"https:\/\/staging.letempsjadisauction.com\/nl\/wp-json\/wp\/v2\/product_tag?post=2374"}],"curies":[{"name":"wp","href":"https:\/\/api.w.org\/{rel}","templated":true}]}}