{"id":2372,"date":"2025-05-04T19:10:13","date_gmt":"2025-05-04T19:10:13","guid":{"rendered":"https:\/\/staging.letempsjadisauction.com\/?post_type=product&#038;p=2372"},"modified":"2025-05-28T15:39:01","modified_gmt":"2025-05-28T15:39:01","slug":"154-hubert-bellis-boer-aan-de-voet-van-een-boom-met-twee-trekpaarden","status":"publish","type":"product","link":"https:\/\/staging.letempsjadisauction.com\/nl\/veiling\/154-hubert-bellis-boer-aan-de-voet-van-een-boom-met-twee-trekpaarden\/","title":{"rendered":"154. Attribu\u00e9 \u00e0 Hubert Bellis \u2013 Paysan au pied d&rsquo;un arbre accompagn\u00e9 de deux chevaux de trait"},"content":{"rendered":"<p>Attribu\u00e9 \u00e0 Hubert Bellis, 1831-1902, Paysan au pied d&rsquo;un arbre accompagn\u00e9 de deux chevaux de trait , huile sur toile, 60 x 80 cm, avec cadre : 75 x 95 cm, Rentoil\u00e9e<\/p>","protected":false},"excerpt":{"rendered":"<p>Attribu\u00e9 \u00e0 Hubert Bellis \u2013 Paysan au pied d&rsquo;un arbre accompagn\u00e9 de deux chevaux de trait<\/p>","protected":false},"featured_media":2107,"template":"","meta":{"_acf_changed":false,"inline_featured_image":false},"online_sale":[53],"product_brand":[],"product_cat":[18],"product_tag":[],"class_list":{"0":"post-2372","1":"product","2":"type-product","3":"status-publish","4":"has-post-thumbnail","6":"online_sale-mai-2025","7":"product_cat-non-classe","9":"first","10":"instock","11":"shipping-taxable","12":"purchasable","13":"product-type-auction"},"acf":[],"_links":{"self":[{"href":"https:\/\/staging.letempsjadisauction.com\/nl\/wp-json\/wp\/v2\/product\/2372","targetHints":{"allow":["GET"]}}],"collection":[{"href":"https:\/\/staging.letempsjadisauction.com\/nl\/wp-json\/wp\/v2\/product"}],"about":[{"href":"https:\/\/staging.letempsjadisauction.com\/nl\/wp-json\/wp\/v2\/types\/product"}],"wp:featuredmedia":[{"embeddable":true,"href":"https:\/\/staging.letempsjadisauction.com\/nl\/wp-json\/wp\/v2\/media\/2107"}],"wp:attachment":[{"href":"https:\/\/staging.letempsjadisauction.com\/nl\/wp-json\/wp\/v2\/media?parent=2372"}],"wp:term":[{"taxonomy":"online_sale","embeddable":true,"href":"https:\/\/staging.letempsjadisauction.com\/nl\/wp-json\/wp\/v2\/online_sale?post=2372"},{"taxonomy":"product_brand","embeddable":true,"href":"https:\/\/staging.letempsjadisauction.com\/nl\/wp-json\/wp\/v2\/product_brand?post=2372"},{"taxonomy":"product_cat","embeddable":true,"href":"https:\/\/staging.letempsjadisauction.com\/nl\/wp-json\/wp\/v2\/product_cat?post=2372"},{"taxonomy":"product_tag","embeddable":true,"href":"https:\/\/staging.letempsjadisauction.com\/nl\/wp-json\/wp\/v2\/product_tag?post=2372"}],"curies":[{"name":"wp","href":"https:\/\/api.w.org\/{rel}","templated":true}]}}