{"id":2357,"date":"2025-05-04T19:09:59","date_gmt":"2025-05-04T19:09:59","guid":{"rendered":"https:\/\/staging.letempsjadisauction.com\/?post_type=product&#038;p=2357"},"modified":"2025-06-09T16:24:30","modified_gmt":"2025-06-09T16:24:30","slug":"139-val-saint-lambert-set-glazen-nungesser-model","status":"publish","type":"product","link":"https:\/\/staging.letempsjadisauction.com\/nl\/veiling\/139-val-saint-lambert-set-glazen-nungesser-model\/","title":{"rendered":"139. Val Saint Lambert - Set Nungesser glazen"},"content":{"rendered":"<p>Val Saint Lambert, lot de verres mod\u00e8le nungesser, cristal taill\u00e9 \u00e0 la main, 20e si\u00e8cle, p\u00e9riode art d\u00e9co, Hauteurs : 11 cm (x16), 12,5 cm (x16), 15 cm (x15), 11 cm (x16)<\/p>","protected":false},"excerpt":{"rendered":"<p>Val Saint Lambert - Set Nungesser glazen<\/p>","protected":false},"featured_media":2282,"template":"","meta":{"_acf_changed":false,"inline_featured_image":false},"online_sale":[53],"product_brand":[],"product_cat":[18],"product_tag":[],"class_list":{"0":"post-2357","1":"product","2":"type-product","3":"status-publish","4":"has-post-thumbnail","6":"online_sale-mai-2025","7":"product_cat-non-classe","9":"first","10":"outofstock","11":"shipping-taxable","12":"purchasable","13":"product-type-auction"},"acf":[],"_links":{"self":[{"href":"https:\/\/staging.letempsjadisauction.com\/nl\/wp-json\/wp\/v2\/product\/2357","targetHints":{"allow":["GET"]}}],"collection":[{"href":"https:\/\/staging.letempsjadisauction.com\/nl\/wp-json\/wp\/v2\/product"}],"about":[{"href":"https:\/\/staging.letempsjadisauction.com\/nl\/wp-json\/wp\/v2\/types\/product"}],"wp:featuredmedia":[{"embeddable":true,"href":"https:\/\/staging.letempsjadisauction.com\/nl\/wp-json\/wp\/v2\/media\/2282"}],"wp:attachment":[{"href":"https:\/\/staging.letempsjadisauction.com\/nl\/wp-json\/wp\/v2\/media?parent=2357"}],"wp:term":[{"taxonomy":"online_sale","embeddable":true,"href":"https:\/\/staging.letempsjadisauction.com\/nl\/wp-json\/wp\/v2\/online_sale?post=2357"},{"taxonomy":"product_brand","embeddable":true,"href":"https:\/\/staging.letempsjadisauction.com\/nl\/wp-json\/wp\/v2\/product_brand?post=2357"},{"taxonomy":"product_cat","embeddable":true,"href":"https:\/\/staging.letempsjadisauction.com\/nl\/wp-json\/wp\/v2\/product_cat?post=2357"},{"taxonomy":"product_tag","embeddable":true,"href":"https:\/\/staging.letempsjadisauction.com\/nl\/wp-json\/wp\/v2\/product_tag?post=2357"}],"curies":[{"name":"wp","href":"https:\/\/api.w.org\/{rel}","templated":true}]}}