{"id":2355,"date":"2025-05-04T19:10:01","date_gmt":"2025-05-04T19:10:01","guid":{"rendered":"https:\/\/staging.letempsjadisauction.com\/?post_type=product&#038;p=2355"},"modified":"2025-05-05T21:19:23","modified_gmt":"2025-05-05T21:19:23","slug":"137-val-saint-lambert-kobaltblauw-diamantgeslepen-vaas","status":"publish","type":"product","link":"https:\/\/staging.letempsjadisauction.com\/nl\/veiling\/137-val-saint-lambert-kobaltblauw-diamantgeslepen-vaas\/","title":{"rendered":"137. Val Saint Lambert \u2013 Vase de couleur bleu cobalt taill\u00e9 en pointe-de-diamant"},"content":{"rendered":"<p>Val Saint Lambert, vase de couleur bleu cobalt taill\u00e9 en pointe-de-diamant, cristal taill\u00e9 \u00e0 la main, 20e si\u00e8cle, 25 x 16 cm, petit \u00e9clat sous la base. Sign\u00e9 \u00e0 la main et annot\u00e9 PU (Pi\u00e8ce unique)<\/p>","protected":false},"excerpt":{"rendered":"<p>Val Saint Lambert - Kobaltblauwe vaas geslepen met diamantpunten<\/p>","protected":false},"featured_media":2016,"template":"","meta":{"_acf_changed":false,"inline_featured_image":false},"online_sale":[53],"product_brand":[],"product_cat":[18],"product_tag":[],"class_list":{"0":"post-2355","1":"product","2":"type-product","3":"status-publish","4":"has-post-thumbnail","6":"online_sale-mai-2025","7":"product_cat-non-classe","9":"first","10":"instock","11":"shipping-taxable","12":"purchasable","13":"product-type-auction"},"acf":[],"_links":{"self":[{"href":"https:\/\/staging.letempsjadisauction.com\/nl\/wp-json\/wp\/v2\/product\/2355","targetHints":{"allow":["GET"]}}],"collection":[{"href":"https:\/\/staging.letempsjadisauction.com\/nl\/wp-json\/wp\/v2\/product"}],"about":[{"href":"https:\/\/staging.letempsjadisauction.com\/nl\/wp-json\/wp\/v2\/types\/product"}],"wp:featuredmedia":[{"embeddable":true,"href":"https:\/\/staging.letempsjadisauction.com\/nl\/wp-json\/wp\/v2\/media\/2016"}],"wp:attachment":[{"href":"https:\/\/staging.letempsjadisauction.com\/nl\/wp-json\/wp\/v2\/media?parent=2355"}],"wp:term":[{"taxonomy":"online_sale","embeddable":true,"href":"https:\/\/staging.letempsjadisauction.com\/nl\/wp-json\/wp\/v2\/online_sale?post=2355"},{"taxonomy":"product_brand","embeddable":true,"href":"https:\/\/staging.letempsjadisauction.com\/nl\/wp-json\/wp\/v2\/product_brand?post=2355"},{"taxonomy":"product_cat","embeddable":true,"href":"https:\/\/staging.letempsjadisauction.com\/nl\/wp-json\/wp\/v2\/product_cat?post=2355"},{"taxonomy":"product_tag","embeddable":true,"href":"https:\/\/staging.letempsjadisauction.com\/nl\/wp-json\/wp\/v2\/product_tag?post=2355"}],"curies":[{"name":"wp","href":"https:\/\/api.w.org\/{rel}","templated":true}]}}