{"id":2353,"date":"2025-05-04T19:10:02","date_gmt":"2025-05-04T19:10:02","guid":{"rendered":"https:\/\/staging.letempsjadisauction.com\/?post_type=product&#038;p=2353"},"modified":"2025-05-04T19:10:02","modified_gmt":"2025-05-04T19:10:02","slug":"135-etablissements-galle-vaas-versierd-met-pruimenboomtakken-bekend-als-quetsches-soufflees","status":"publish","type":"product","link":"https:\/\/staging.letempsjadisauction.com\/nl\/veiling\/135-etablissements-galle-vaas-versierd-met-pruimenboomtakken-bekend-als-quetsches-soufflees\/","title":{"rendered":"135. \u00c9tablissements Gall\u00e9 - Vaas versierd met takken van pruimenbomen (bekend als een geblazen pruimenvaas)"},"content":{"rendered":"<p>\u00c9tablissements Gall\u00e9, vaas versierd met pruimenboomtakken (bekend als \"quetsches souffl\u00e9es\"). Proef in violet gelijnd glas op gele grond. Geperst gegoten glas, 1904-1936, 39,5 cm, Gesigneerd in het glas<\/p>","protected":false},"excerpt":{"rendered":"<p>\u00c9tablissements Gall\u00e9 - vaas versierd met takken van pruimenbomen (bekend als een geblazen pruimenvaas)<\/p>","protected":false},"featured_media":2007,"template":"","meta":{"_acf_changed":false,"inline_featured_image":false},"online_sale":[53],"product_brand":[],"product_cat":[18],"product_tag":[],"class_list":{"0":"post-2353","1":"product","2":"type-product","3":"status-publish","4":"has-post-thumbnail","6":"online_sale-mai-2025","7":"product_cat-non-classe","9":"first","10":"instock","11":"shipping-taxable","12":"purchasable","13":"product-type-auction"},"acf":[],"_links":{"self":[{"href":"https:\/\/staging.letempsjadisauction.com\/nl\/wp-json\/wp\/v2\/product\/2353","targetHints":{"allow":["GET"]}}],"collection":[{"href":"https:\/\/staging.letempsjadisauction.com\/nl\/wp-json\/wp\/v2\/product"}],"about":[{"href":"https:\/\/staging.letempsjadisauction.com\/nl\/wp-json\/wp\/v2\/types\/product"}],"wp:featuredmedia":[{"embeddable":true,"href":"https:\/\/staging.letempsjadisauction.com\/nl\/wp-json\/wp\/v2\/media\/2007"}],"wp:attachment":[{"href":"https:\/\/staging.letempsjadisauction.com\/nl\/wp-json\/wp\/v2\/media?parent=2353"}],"wp:term":[{"taxonomy":"online_sale","embeddable":true,"href":"https:\/\/staging.letempsjadisauction.com\/nl\/wp-json\/wp\/v2\/online_sale?post=2353"},{"taxonomy":"product_brand","embeddable":true,"href":"https:\/\/staging.letempsjadisauction.com\/nl\/wp-json\/wp\/v2\/product_brand?post=2353"},{"taxonomy":"product_cat","embeddable":true,"href":"https:\/\/staging.letempsjadisauction.com\/nl\/wp-json\/wp\/v2\/product_cat?post=2353"},{"taxonomy":"product_tag","embeddable":true,"href":"https:\/\/staging.letempsjadisauction.com\/nl\/wp-json\/wp\/v2\/product_tag?post=2353"}],"curies":[{"name":"wp","href":"https:\/\/api.w.org\/{rel}","templated":true}]}}