{"id":2318,"date":"2025-05-04T18:11:39","date_gmt":"2025-05-04T18:11:39","guid":{"rendered":"https:\/\/staging.letempsjadisauction.com\/?post_type=product&#038;p=2318"},"modified":"2025-05-28T13:15:07","modified_gmt":"2025-05-28T13:15:07","slug":"106-porseleinen-celadon-balustervaas","status":"publish","type":"product","link":"https:\/\/staging.letempsjadisauction.com\/nl\/veiling\/106-porseleinen-celadon-balustervaas\/","title":{"rendered":"106. China - Celadon balustervaas"},"content":{"rendered":"<p>Chine, Vase balustre c\u00e9ladon \u00e0 d\u00e9cors d&rsquo;antiquit\u00e9s et de fleurs, Porcelaine de Chine , 19e-20e si\u00e8cle, 55 cm<\/p>","protected":false},"excerpt":{"rendered":"<p>China - Celadon balustervaas<\/p>","protected":false},"featured_media":1871,"template":"","meta":{"_acf_changed":false,"inline_featured_image":false},"online_sale":[53],"product_brand":[],"product_cat":[18],"product_tag":[],"class_list":{"0":"post-2318","1":"product","2":"type-product","3":"status-publish","4":"has-post-thumbnail","6":"online_sale-mai-2025","7":"product_cat-non-classe","9":"first","10":"instock","11":"shipping-taxable","12":"purchasable","13":"product-type-auction"},"acf":[],"_links":{"self":[{"href":"https:\/\/staging.letempsjadisauction.com\/nl\/wp-json\/wp\/v2\/product\/2318","targetHints":{"allow":["GET"]}}],"collection":[{"href":"https:\/\/staging.letempsjadisauction.com\/nl\/wp-json\/wp\/v2\/product"}],"about":[{"href":"https:\/\/staging.letempsjadisauction.com\/nl\/wp-json\/wp\/v2\/types\/product"}],"wp:featuredmedia":[{"embeddable":true,"href":"https:\/\/staging.letempsjadisauction.com\/nl\/wp-json\/wp\/v2\/media\/1871"}],"wp:attachment":[{"href":"https:\/\/staging.letempsjadisauction.com\/nl\/wp-json\/wp\/v2\/media?parent=2318"}],"wp:term":[{"taxonomy":"online_sale","embeddable":true,"href":"https:\/\/staging.letempsjadisauction.com\/nl\/wp-json\/wp\/v2\/online_sale?post=2318"},{"taxonomy":"product_brand","embeddable":true,"href":"https:\/\/staging.letempsjadisauction.com\/nl\/wp-json\/wp\/v2\/product_brand?post=2318"},{"taxonomy":"product_cat","embeddable":true,"href":"https:\/\/staging.letempsjadisauction.com\/nl\/wp-json\/wp\/v2\/product_cat?post=2318"},{"taxonomy":"product_tag","embeddable":true,"href":"https:\/\/staging.letempsjadisauction.com\/nl\/wp-json\/wp\/v2\/product_tag?post=2318"}],"curies":[{"name":"wp","href":"https:\/\/api.w.org\/{rel}","templated":true}]}}