{"id":2313,"date":"2025-05-04T18:11:04","date_gmt":"2025-05-04T18:11:04","guid":{"rendered":"https:\/\/staging.letempsjadisauction.com\/?post_type=product&#038;p=2313"},"modified":"2025-05-28T13:00:20","modified_gmt":"2025-05-28T13:00:20","slug":"101-frans-werk-japans-lak-schrijfbureau","status":"publish","type":"product","link":"https:\/\/staging.letempsjadisauction.com\/nl\/veiling\/101-frans-werk-japans-lak-schrijfbureau\/","title":{"rendered":"101. Frans werk - Japanse lak schrijftafel"},"content":{"rendered":"<p>Travail fran\u00e7ais, \u00c9critoire de bureau form\u00e9 d\u2019un panneau en laque du Japon \u00e0 d\u00e9cor or d\u2019un paysage anim\u00e9 de maisons traditionnelles, arbres et collines stylis\u00e9es. Le plateau de forme chantourn\u00e9e est encadr\u00e9 d\u2019une monture en bronze cisel\u00e9 et dor\u00e9, d\u00e9cor\u00e9e de guirlandes. Il pr\u00e9sente trois godets en laque noire orn\u00e9s de motifs dor\u00e9s, ainsi qu\u2019un ensemble central en bronze comprenant un encrier couvert et un poudrier. L\u2019ensemble repose sur quatre pieds en volute en bronze dor\u00e9, milieu du XVIIIe si\u00e8cle, vers 1740-1760, \u00e9poque Louis XV, 32 x 23 x 10 cm<\/p>","protected":false},"excerpt":{"rendered":"<p>Frans werk, Japans lakschrijfbureau<\/p>","protected":false},"featured_media":1845,"template":"","meta":{"_acf_changed":false,"inline_featured_image":false},"online_sale":[53],"product_brand":[],"product_cat":[18],"product_tag":[],"class_list":{"0":"post-2313","1":"product","2":"type-product","3":"status-publish","4":"has-post-thumbnail","6":"online_sale-mai-2025","7":"product_cat-non-classe","9":"first","10":"instock","11":"shipping-taxable","12":"purchasable","13":"product-type-auction"},"acf":[],"_links":{"self":[{"href":"https:\/\/staging.letempsjadisauction.com\/nl\/wp-json\/wp\/v2\/product\/2313","targetHints":{"allow":["GET"]}}],"collection":[{"href":"https:\/\/staging.letempsjadisauction.com\/nl\/wp-json\/wp\/v2\/product"}],"about":[{"href":"https:\/\/staging.letempsjadisauction.com\/nl\/wp-json\/wp\/v2\/types\/product"}],"wp:featuredmedia":[{"embeddable":true,"href":"https:\/\/staging.letempsjadisauction.com\/nl\/wp-json\/wp\/v2\/media\/1845"}],"wp:attachment":[{"href":"https:\/\/staging.letempsjadisauction.com\/nl\/wp-json\/wp\/v2\/media?parent=2313"}],"wp:term":[{"taxonomy":"online_sale","embeddable":true,"href":"https:\/\/staging.letempsjadisauction.com\/nl\/wp-json\/wp\/v2\/online_sale?post=2313"},{"taxonomy":"product_brand","embeddable":true,"href":"https:\/\/staging.letempsjadisauction.com\/nl\/wp-json\/wp\/v2\/product_brand?post=2313"},{"taxonomy":"product_cat","embeddable":true,"href":"https:\/\/staging.letempsjadisauction.com\/nl\/wp-json\/wp\/v2\/product_cat?post=2313"},{"taxonomy":"product_tag","embeddable":true,"href":"https:\/\/staging.letempsjadisauction.com\/nl\/wp-json\/wp\/v2\/product_tag?post=2313"}],"curies":[{"name":"wp","href":"https:\/\/api.w.org\/{rel}","templated":true}]}}