{"id":1743,"date":"2025-04-30T14:23:12","date_gmt":"2025-04-30T14:23:12","guid":{"rendered":"https:\/\/staging.letempsjadisauction.com\/?post_type=product&#038;p=1743"},"modified":"2025-06-18T06:26:53","modified_gmt":"2025-06-18T06:26:53","slug":"roger-somville-geemailleerde-keramische-schaal-scene-van-de-ducasse-in-mons","status":"publish","type":"product","link":"https:\/\/staging.letempsjadisauction.com\/nl\/veiling\/roger-somville-geemailleerde-keramische-schaal-scene-van-de-ducasse-in-mons\/","title":{"rendered":"80. Roger Somville - Geglazuurde keramische schaal: Sc\u00e8ne uit de Ducasse de Mons"},"content":{"rendered":"<p>Roger SOMVILLE (Schaerbeek, 1923 &#8211; Tervuren, 2014)<br \/>\nSc\u00e8ne de la Ducasse de Mons, Chinchin<br \/>\nPlat en c\u00e9ramique \u00e9maill\u00e9e<br \/>\n48,5 x 35,5 cm<br \/>\nEstimation : 600 &#8211; 800 \u20ac<\/p>\n<p>Provenance : collection particuli\u00e8re belge<\/p>\n<p>L\u2019atelier c\u00e9ramique de Dour voit le jour apr\u00e8s la Second Guerre mondiale sous l\u2019impulsion de Georges Boulmant et Z\u00e9phir Busine, avec le soutien du brasseur et m\u00e9c\u00e8ne dourois \u00c9mile Cavenaile. En 1951, Roger Somville en prend la direction et d\u00e9finit une ligne artistique claire : \u00ab\u00a0<em>Esthetische geest: eenvoudige vormen cre\u00ebren en gebruiken. Decoratie: inspiratie halen uit het menselijk leven, werk, strijd, fauna, flora, enz. Vouw en schrijf de decoratie in de vorm van het te versieren object om een volledige eenheid tussen vorm en decoratie te cre\u00ebren. We hebben ons werk eerlijk gezegd gericht op leesbare en redelijk realistische kunst.<\/em>\u00bb<\/p>\n<p>C\u2019est dans cette perspective qu\u2019il r\u00e9alise, en 1958, une pi\u00e8ce marquante et rare de par son sujet : un plat illustrant une sc\u00e8ne de la Ducasse de Mons ou <em>Doudou<\/em>. Le dessin repr\u00e9sente plus pr\u00e9cis\u00e9ment un Chinchin, alli\u00e9 de Saint-Georges dans son combat contre le dragon. Il porte en main les vessies d\u00e9rob\u00e9es aux petits Lume\u00e7ons.<\/p>\n<p>Cette \u0153uvre refl\u00e8te parfaitement les principes d\u00e9fendus par Somville : un art inspir\u00e9 de la vie et des traditions populaires, exprim\u00e9 dans une forme simple et lisible. Il y d\u00e9ploie une palette de couleurs vives \u2013 rouge, jaune, vert \u2013 caract\u00e9ristiques du Doudou, renfor\u00e7ant ainsi le dynamisme et la richesse visuelle de cette f\u00eate embl\u00e9matique du folklore wallon.<\/p>\n<p>&nbsp;<\/p>\n<p>Bibliographie\u00a0:<\/p>\n<p>Serge Goyens de Heusch (dir.), XXe si\u00e8cle. L&rsquo;art en Wallonie, Bruxelles\/Tournai, Dexia\/La Renaissance du livre, 2001.<\/p>\n<p>Anne Van Loor, La c\u00e9ramique de Dour, 2022. [consult\u00e9 mars 2025 sur rogersomville.com]<\/p>\n<p>&nbsp;<\/p>\n<p>Expertise: Terrana Antiques and Fine Arts<\/p>","protected":false},"excerpt":{"rendered":"<p>Roger Somville - Geglazuurde keramische schaal: Sc\u00e8ne uit de Ducasse de Mons<\/p>","protected":false},"featured_media":1680,"template":"","meta":{"_acf_changed":false,"inline_featured_image":false},"online_sale":[53],"product_brand":[],"product_cat":[18],"product_tag":[],"class_list":{"0":"post-1743","1":"product","2":"type-product","3":"status-publish","4":"has-post-thumbnail","6":"online_sale-mai-2025","7":"product_cat-non-classe","9":"first","10":"outofstock","11":"shipping-taxable","12":"purchasable","13":"product-type-auction"},"acf":[],"_links":{"self":[{"href":"https:\/\/staging.letempsjadisauction.com\/nl\/wp-json\/wp\/v2\/product\/1743","targetHints":{"allow":["GET"]}}],"collection":[{"href":"https:\/\/staging.letempsjadisauction.com\/nl\/wp-json\/wp\/v2\/product"}],"about":[{"href":"https:\/\/staging.letempsjadisauction.com\/nl\/wp-json\/wp\/v2\/types\/product"}],"wp:featuredmedia":[{"embeddable":true,"href":"https:\/\/staging.letempsjadisauction.com\/nl\/wp-json\/wp\/v2\/media\/1680"}],"wp:attachment":[{"href":"https:\/\/staging.letempsjadisauction.com\/nl\/wp-json\/wp\/v2\/media?parent=1743"}],"wp:term":[{"taxonomy":"online_sale","embeddable":true,"href":"https:\/\/staging.letempsjadisauction.com\/nl\/wp-json\/wp\/v2\/online_sale?post=1743"},{"taxonomy":"product_brand","embeddable":true,"href":"https:\/\/staging.letempsjadisauction.com\/nl\/wp-json\/wp\/v2\/product_brand?post=1743"},{"taxonomy":"product_cat","embeddable":true,"href":"https:\/\/staging.letempsjadisauction.com\/nl\/wp-json\/wp\/v2\/product_cat?post=1743"},{"taxonomy":"product_tag","embeddable":true,"href":"https:\/\/staging.letempsjadisauction.com\/nl\/wp-json\/wp\/v2\/product_tag?post=1743"}],"curies":[{"name":"wp","href":"https:\/\/api.w.org\/{rel}","templated":true}]}}