{"id":1711,"date":"2025-04-30T14:22:30","date_gmt":"2025-04-30T14:22:30","guid":{"rendered":"https:\/\/staging.letempsjadisauction.com\/?post_type=product&#038;p=1711"},"modified":"2025-05-28T10:21:25","modified_gmt":"2025-05-28T10:21:25","slug":"bernard-bloch-paar-van-twee-beeldjes-die-een-gitarist-en-een-kok-voorstellen","status":"publish","type":"product","link":"https:\/\/staging.letempsjadisauction.com\/nl\/veiling\/bernard-bloch-paar-van-twee-beeldjes-die-een-gitarist-en-een-kok-voorstellen\/","title":{"rendered":"48. Bernard Bloch - Paar van twee beeldjes die een gitarist en een kok voorstellen"},"content":{"rendered":"<p>Bernard Bloch (1836-1909) \u2013 Paire de deux statuettes repr\u00e9sentant un joueur de guitare et une cuisini\u00e8re, terre cuite peinte, 19e si\u00e8cle, 33 et 35 x 13,5 cm<\/p>","protected":false},"excerpt":{"rendered":"<p>Bernard Bloch - Paar van twee beeldjes die een gitarist en een kok voorstellen<\/p>","protected":false},"featured_media":1529,"template":"","meta":{"_acf_changed":false,"inline_featured_image":false},"online_sale":[53],"product_brand":[],"product_cat":[18],"product_tag":[],"class_list":{"0":"post-1711","1":"product","2":"type-product","3":"status-publish","4":"has-post-thumbnail","6":"online_sale-mai-2025","7":"product_cat-non-classe","9":"first","10":"instock","11":"shipping-taxable","12":"purchasable","13":"product-type-auction"},"acf":[],"_links":{"self":[{"href":"https:\/\/staging.letempsjadisauction.com\/nl\/wp-json\/wp\/v2\/product\/1711","targetHints":{"allow":["GET"]}}],"collection":[{"href":"https:\/\/staging.letempsjadisauction.com\/nl\/wp-json\/wp\/v2\/product"}],"about":[{"href":"https:\/\/staging.letempsjadisauction.com\/nl\/wp-json\/wp\/v2\/types\/product"}],"wp:featuredmedia":[{"embeddable":true,"href":"https:\/\/staging.letempsjadisauction.com\/nl\/wp-json\/wp\/v2\/media\/1529"}],"wp:attachment":[{"href":"https:\/\/staging.letempsjadisauction.com\/nl\/wp-json\/wp\/v2\/media?parent=1711"}],"wp:term":[{"taxonomy":"online_sale","embeddable":true,"href":"https:\/\/staging.letempsjadisauction.com\/nl\/wp-json\/wp\/v2\/online_sale?post=1711"},{"taxonomy":"product_brand","embeddable":true,"href":"https:\/\/staging.letempsjadisauction.com\/nl\/wp-json\/wp\/v2\/product_brand?post=1711"},{"taxonomy":"product_cat","embeddable":true,"href":"https:\/\/staging.letempsjadisauction.com\/nl\/wp-json\/wp\/v2\/product_cat?post=1711"},{"taxonomy":"product_tag","embeddable":true,"href":"https:\/\/staging.letempsjadisauction.com\/nl\/wp-json\/wp\/v2\/product_tag?post=1711"}],"curies":[{"name":"wp","href":"https:\/\/api.w.org\/{rel}","templated":true}]}}