{"id":1697,"date":"2025-04-30T14:21:39","date_gmt":"2025-04-30T14:21:39","guid":{"rendered":"https:\/\/staging.letempsjadisauction.com\/?post_type=product&#038;p=1697"},"modified":"2025-05-28T09:39:01","modified_gmt":"2025-05-28T09:39:01","slug":"dapres-lantique-cratere-a-decor-de-scenes-bachiques-dapres-le-vase-de-warwick","status":"publish","type":"product","link":"https:\/\/staging.letempsjadisauction.com\/nl\/veiling\/dapres-lantique-cratere-a-decor-de-scenes-bachiques-dapres-le-vase-de-warwick\/","title":{"rendered":"34. Fonderie Delafontaine \u2013 Crat\u00e8re \u00e0 d\u00e9cor de sc\u00e8nes bachiques, d&rsquo;apr\u00e8s le vase de Warwick"},"content":{"rendered":"<p>Fonderie Delafontaine, D&rsquo;apr\u00e8s l&rsquo;antique, Crat\u00e8re \u00e0 d\u00e9cor de sc\u00e8nes bachiques, d&rsquo;apr\u00e8s le vase de Warwick. Objet du Grand Tour, bronze patin\u00e9 brun, 19e si\u00e8cle, 22 x 33 cm. Cachet en creux sur la base A*D, DELAFONTAINE<\/p>","protected":false},"excerpt":{"rendered":"<p>Fonderie Delafontaine &#8211; D&rsquo;apr\u00e8s l&rsquo;antique \u2013 Crat\u00e8re \u00e0 d\u00e9cor de sc\u00e8nes bachiques, d&rsquo;apr\u00e8s le vase de Warwick<\/p>","protected":false},"featured_media":1446,"template":"","meta":{"_acf_changed":false,"inline_featured_image":false},"online_sale":[53],"product_brand":[],"product_cat":[18],"product_tag":[],"class_list":{"0":"post-1697","1":"product","2":"type-product","3":"status-publish","4":"has-post-thumbnail","6":"online_sale-mai-2025","7":"product_cat-non-classe","9":"first","10":"instock","11":"shipping-taxable","12":"purchasable","13":"product-type-auction"},"acf":[],"_links":{"self":[{"href":"https:\/\/staging.letempsjadisauction.com\/nl\/wp-json\/wp\/v2\/product\/1697","targetHints":{"allow":["GET"]}}],"collection":[{"href":"https:\/\/staging.letempsjadisauction.com\/nl\/wp-json\/wp\/v2\/product"}],"about":[{"href":"https:\/\/staging.letempsjadisauction.com\/nl\/wp-json\/wp\/v2\/types\/product"}],"wp:featuredmedia":[{"embeddable":true,"href":"https:\/\/staging.letempsjadisauction.com\/nl\/wp-json\/wp\/v2\/media\/1446"}],"wp:attachment":[{"href":"https:\/\/staging.letempsjadisauction.com\/nl\/wp-json\/wp\/v2\/media?parent=1697"}],"wp:term":[{"taxonomy":"online_sale","embeddable":true,"href":"https:\/\/staging.letempsjadisauction.com\/nl\/wp-json\/wp\/v2\/online_sale?post=1697"},{"taxonomy":"product_brand","embeddable":true,"href":"https:\/\/staging.letempsjadisauction.com\/nl\/wp-json\/wp\/v2\/product_brand?post=1697"},{"taxonomy":"product_cat","embeddable":true,"href":"https:\/\/staging.letempsjadisauction.com\/nl\/wp-json\/wp\/v2\/product_cat?post=1697"},{"taxonomy":"product_tag","embeddable":true,"href":"https:\/\/staging.letempsjadisauction.com\/nl\/wp-json\/wp\/v2\/product_tag?post=1697"}],"curies":[{"name":"wp","href":"https:\/\/api.w.org\/{rel}","templated":true}]}}