{"id":1692,"date":"2025-04-30T14:21:43","date_gmt":"2025-04-30T14:21:43","guid":{"rendered":"https:\/\/staging.letempsjadisauction.com\/?post_type=product&#038;p=1692"},"modified":"2025-06-03T17:17:59","modified_gmt":"2025-06-03T17:17:59","slug":"adolfo-cipriani-kinderen","status":"publish","type":"product","link":"https:\/\/staging.letempsjadisauction.com\/nl\/veiling\/adolfo-cipriani-kinderen\/","title":{"rendered":"29. Adolfo Cipriani - Kinderen"},"content":{"rendered":"<p>Adolfo Cipriani, 1857 &#8211; 1941, Enfants, r\u00e9gule patin\u00e9 vert, socle en marbre noir, 19e-20e si\u00e8cle, 76 x 22,5 x 34 cm, Sign\u00e9 sur le sol<\/p>","protected":false},"excerpt":{"rendered":"<p>Adolfo Cipriani - Kinderen<\/p>","protected":false},"featured_media":1416,"template":"","meta":{"_acf_changed":false,"inline_featured_image":false},"online_sale":[53],"product_brand":[],"product_cat":[18],"product_tag":[],"class_list":{"0":"post-1692","1":"product","2":"type-product","3":"status-publish","4":"has-post-thumbnail","6":"online_sale-mai-2025","7":"product_cat-non-classe","9":"first","10":"outofstock","11":"shipping-taxable","12":"purchasable","13":"product-type-auction"},"acf":[],"_links":{"self":[{"href":"https:\/\/staging.letempsjadisauction.com\/nl\/wp-json\/wp\/v2\/product\/1692","targetHints":{"allow":["GET"]}}],"collection":[{"href":"https:\/\/staging.letempsjadisauction.com\/nl\/wp-json\/wp\/v2\/product"}],"about":[{"href":"https:\/\/staging.letempsjadisauction.com\/nl\/wp-json\/wp\/v2\/types\/product"}],"wp:featuredmedia":[{"embeddable":true,"href":"https:\/\/staging.letempsjadisauction.com\/nl\/wp-json\/wp\/v2\/media\/1416"}],"wp:attachment":[{"href":"https:\/\/staging.letempsjadisauction.com\/nl\/wp-json\/wp\/v2\/media?parent=1692"}],"wp:term":[{"taxonomy":"online_sale","embeddable":true,"href":"https:\/\/staging.letempsjadisauction.com\/nl\/wp-json\/wp\/v2\/online_sale?post=1692"},{"taxonomy":"product_brand","embeddable":true,"href":"https:\/\/staging.letempsjadisauction.com\/nl\/wp-json\/wp\/v2\/product_brand?post=1692"},{"taxonomy":"product_cat","embeddable":true,"href":"https:\/\/staging.letempsjadisauction.com\/nl\/wp-json\/wp\/v2\/product_cat?post=1692"},{"taxonomy":"product_tag","embeddable":true,"href":"https:\/\/staging.letempsjadisauction.com\/nl\/wp-json\/wp\/v2\/product_tag?post=1692"}],"curies":[{"name":"wp","href":"https:\/\/api.w.org\/{rel}","templated":true}]}}