{"id":1686,"date":"2025-04-30T14:21:36","date_gmt":"2025-04-30T14:21:36","guid":{"rendered":"https:\/\/staging.letempsjadisauction.com\/?post_type=product&#038;p=1686"},"modified":"2025-06-18T06:28:32","modified_gmt":"2025-06-18T06:28:32","slug":"salvator-dali-dapres-gala-pub-uitgeverij-glascow-museum-en-kunstgaleries-het-christus-van-de-heilige-johannes-van-het-kruis-door-salvator-dali","status":"publish","type":"product","link":"https:\/\/staging.letempsjadisauction.com\/nl\/veiling\/salvator-dali-dapres-gala-pub-uitgeverij-glascow-museum-en-kunstgaleries-het-christus-van-de-heilige-johannes-van-het-kruis-door-salvator-dali\/","title":{"rendered":"23. Salvator Dali (naar), Gala Pub Editor, Glascow Museum and Art Galleries - Salvator Dali's Christus van Sint Jan van het Kruis"},"content":{"rendered":"<p>Salvator Dali (1904-1989) (d&rsquo;apr\u00e8s), Gala Pub Editeur, Glascow Museum and Art Galleries, Le Christ de Saint Jean de la Croix de Salvator Dali, Bronze \u00e0 patine argent\u00e9e et noire sur socle en marbre noir, 1984, 15 x 7,5 x 31,5 cm, Sign\u00e9 en bas \u00e0 gauche. Inscriptions \u00e0 l&rsquo;arri\u00e8re : &lsquo;1984 Gala Pub in conjunction W\/ Glascow Museum and Art Galleries<\/p>","protected":false},"excerpt":{"rendered":"<p>Salvator Dali (naar), Gala Pub Editor, Glascow Museum and Art Galleries - Salvator Dali's Christus van Sint Jan van het Kruis<\/p>","protected":false},"featured_media":1398,"template":"","meta":{"_acf_changed":false,"inline_featured_image":false},"online_sale":[53],"product_brand":[],"product_cat":[18],"product_tag":[],"class_list":{"0":"post-1686","1":"product","2":"type-product","3":"status-publish","4":"has-post-thumbnail","6":"online_sale-mai-2025","7":"product_cat-non-classe","9":"first","10":"outofstock","11":"shipping-taxable","12":"purchasable","13":"product-type-auction"},"acf":[],"_links":{"self":[{"href":"https:\/\/staging.letempsjadisauction.com\/nl\/wp-json\/wp\/v2\/product\/1686","targetHints":{"allow":["GET"]}}],"collection":[{"href":"https:\/\/staging.letempsjadisauction.com\/nl\/wp-json\/wp\/v2\/product"}],"about":[{"href":"https:\/\/staging.letempsjadisauction.com\/nl\/wp-json\/wp\/v2\/types\/product"}],"wp:featuredmedia":[{"embeddable":true,"href":"https:\/\/staging.letempsjadisauction.com\/nl\/wp-json\/wp\/v2\/media\/1398"}],"wp:attachment":[{"href":"https:\/\/staging.letempsjadisauction.com\/nl\/wp-json\/wp\/v2\/media?parent=1686"}],"wp:term":[{"taxonomy":"online_sale","embeddable":true,"href":"https:\/\/staging.letempsjadisauction.com\/nl\/wp-json\/wp\/v2\/online_sale?post=1686"},{"taxonomy":"product_brand","embeddable":true,"href":"https:\/\/staging.letempsjadisauction.com\/nl\/wp-json\/wp\/v2\/product_brand?post=1686"},{"taxonomy":"product_cat","embeddable":true,"href":"https:\/\/staging.letempsjadisauction.com\/nl\/wp-json\/wp\/v2\/product_cat?post=1686"},{"taxonomy":"product_tag","embeddable":true,"href":"https:\/\/staging.letempsjadisauction.com\/nl\/wp-json\/wp\/v2\/product_tag?post=1686"}],"curies":[{"name":"wp","href":"https:\/\/api.w.org\/{rel}","templated":true}]}}