{"id":1379,"date":"2025-04-30T14:20:54","date_gmt":"2025-04-30T14:20:54","guid":{"rendered":"https:\/\/staging.letempsjadisauction.com\/?post_type=product&#038;p=1379"},"modified":"2025-05-28T08:36:01","modified_gmt":"2025-05-28T08:36:01","slug":"nog-te-bepalen-goudsmid-kelk","status":"publish","type":"product","link":"https:\/\/staging.letempsjadisauction.com\/nl\/veiling\/nog-te-bepalen-goudsmid-kelk\/","title":{"rendered":"13. Zilversmid nog te bepalen - Kelk"},"content":{"rendered":"<p>Orf\u00e8vre \u00e0 d\u00e9terminer, Calice aux motifs g\u00e9om\u00e9triques dans le style de Vasarely, Argent, 20e si\u00e8cle, 17x 10 cm, 380 grammes, Inscription en dessous du pied A Padre Grisosono egidio tagliasacchi e ubaldo de ponti . Poin\u00e7ons 800. Orf\u00e8vre \u00e0 d\u00e9terminer.<\/p>","protected":false},"excerpt":{"rendered":"<p>Goldsmith nog te bepalen - Kelk<\/p>","protected":false},"featured_media":1106,"template":"","meta":{"_acf_changed":false,"inline_featured_image":false},"online_sale":[53],"product_brand":[],"product_cat":[18],"product_tag":[],"class_list":{"0":"post-1379","1":"product","2":"type-product","3":"status-publish","4":"has-post-thumbnail","6":"online_sale-mai-2025","7":"product_cat-non-classe","9":"first","10":"instock","11":"shipping-taxable","12":"purchasable","13":"product-type-auction"},"acf":[],"_links":{"self":[{"href":"https:\/\/staging.letempsjadisauction.com\/nl\/wp-json\/wp\/v2\/product\/1379","targetHints":{"allow":["GET"]}}],"collection":[{"href":"https:\/\/staging.letempsjadisauction.com\/nl\/wp-json\/wp\/v2\/product"}],"about":[{"href":"https:\/\/staging.letempsjadisauction.com\/nl\/wp-json\/wp\/v2\/types\/product"}],"wp:featuredmedia":[{"embeddable":true,"href":"https:\/\/staging.letempsjadisauction.com\/nl\/wp-json\/wp\/v2\/media\/1106"}],"wp:attachment":[{"href":"https:\/\/staging.letempsjadisauction.com\/nl\/wp-json\/wp\/v2\/media?parent=1379"}],"wp:term":[{"taxonomy":"online_sale","embeddable":true,"href":"https:\/\/staging.letempsjadisauction.com\/nl\/wp-json\/wp\/v2\/online_sale?post=1379"},{"taxonomy":"product_brand","embeddable":true,"href":"https:\/\/staging.letempsjadisauction.com\/nl\/wp-json\/wp\/v2\/product_brand?post=1379"},{"taxonomy":"product_cat","embeddable":true,"href":"https:\/\/staging.letempsjadisauction.com\/nl\/wp-json\/wp\/v2\/product_cat?post=1379"},{"taxonomy":"product_tag","embeddable":true,"href":"https:\/\/staging.letempsjadisauction.com\/nl\/wp-json\/wp\/v2\/product_tag?post=1379"}],"curies":[{"name":"wp","href":"https:\/\/api.w.org\/{rel}","templated":true}]}}