{"id":1375,"date":"2025-04-30T14:20:59","date_gmt":"2025-04-30T14:20:59","guid":{"rendered":"https:\/\/staging.letempsjadisauction.com\/?post_type=product&#038;p=1375"},"modified":"2025-05-28T08:24:05","modified_gmt":"2025-05-28T08:24:05","slug":"orfevrerie-tetard-freres-koffieservies","status":"publish","type":"product","link":"https:\/\/staging.letempsjadisauction.com\/nl\/veiling\/orfevrerie-tetard-freres-koffieservies\/","title":{"rendered":"9. Orf\u00e8vrerie T\u00e9tard Fr\u00e8res - Koffieservice"},"content":{"rendered":"<p>Orf\u00e9vrerie T\u00e9tard Fr\u00e8res, Service \u00e0 caf\u00e9 compos\u00e9 d&rsquo;un sucrier de forme renfl\u00e9e, d&rsquo;un pot au lait, et d&rsquo;une cafeti\u00e8re. Cisel\u00e9s, et surmont\u00e9s d&rsquo;un fleuron figurant un putto mangeant une grappe de raisin. Monogramm\u00e9s R, argent, 19e &#8211; 20e si\u00e8cle, 44 x 36 x 26 cm, 1670 grammes, poincon minerve, poncoin de maitre.<\/p>","protected":false},"excerpt":{"rendered":"<p>Orf\u00e8vrerie T\u00e9tard Fr\u00e8res - Koffieservice<\/p>","protected":false},"featured_media":2431,"template":"","meta":{"_acf_changed":false,"inline_featured_image":false},"online_sale":[53],"product_brand":[],"product_cat":[18],"product_tag":[],"class_list":{"0":"post-1375","1":"product","2":"type-product","3":"status-publish","4":"has-post-thumbnail","6":"online_sale-mai-2025","7":"product_cat-non-classe","9":"first","10":"instock","11":"shipping-taxable","12":"purchasable","13":"product-type-auction"},"acf":[],"_links":{"self":[{"href":"https:\/\/staging.letempsjadisauction.com\/nl\/wp-json\/wp\/v2\/product\/1375","targetHints":{"allow":["GET"]}}],"collection":[{"href":"https:\/\/staging.letempsjadisauction.com\/nl\/wp-json\/wp\/v2\/product"}],"about":[{"href":"https:\/\/staging.letempsjadisauction.com\/nl\/wp-json\/wp\/v2\/types\/product"}],"wp:featuredmedia":[{"embeddable":true,"href":"https:\/\/staging.letempsjadisauction.com\/nl\/wp-json\/wp\/v2\/media\/2431"}],"wp:attachment":[{"href":"https:\/\/staging.letempsjadisauction.com\/nl\/wp-json\/wp\/v2\/media?parent=1375"}],"wp:term":[{"taxonomy":"online_sale","embeddable":true,"href":"https:\/\/staging.letempsjadisauction.com\/nl\/wp-json\/wp\/v2\/online_sale?post=1375"},{"taxonomy":"product_brand","embeddable":true,"href":"https:\/\/staging.letempsjadisauction.com\/nl\/wp-json\/wp\/v2\/product_brand?post=1375"},{"taxonomy":"product_cat","embeddable":true,"href":"https:\/\/staging.letempsjadisauction.com\/nl\/wp-json\/wp\/v2\/product_cat?post=1375"},{"taxonomy":"product_tag","embeddable":true,"href":"https:\/\/staging.letempsjadisauction.com\/nl\/wp-json\/wp\/v2\/product_tag?post=1375"}],"curies":[{"name":"wp","href":"https:\/\/api.w.org\/{rel}","templated":true}]}}