{"id":5315,"date":"2025-06-09T19:27:35","date_gmt":"2025-06-09T19:27:35","guid":{"rendered":"https:\/\/staging.letempsjadisauction.com\/?post_type=product&#038;p=5315"},"modified":"2025-06-25T13:30:03","modified_gmt":"2025-06-25T13:30:03","slug":"166-anonyme-groupe-en-platre-dore-putti-et-bouc-2","status":"publish","type":"product","link":"https:\/\/staging.letempsjadisauction.com\/en\/auction\/166-anonyme-groupe-en-platre-dore-putti-et-bouc-2\/","title":{"rendered":"166 (Anonyme) \u2013 Groupe en pl\u00e2tre dor\u00e9, Putti et bouc"},"content":{"rendered":"<p>Groupe en pl\u00e2tre dor\u00e9, Putti et bouc 44 x 47 x 17 cm<\/p>","protected":false},"excerpt":{"rendered":"<p>(Anonyme) \u2013 Groupe en pl\u00e2tre dor\u00e9, Putti et bouc<\/p>","protected":false},"featured_media":4953,"template":"","meta":{"_acf_changed":false,"inline_featured_image":false},"online_sale":[55],"product_brand":[],"product_cat":[18],"product_tag":[],"class_list":{"0":"post-5315","1":"product","2":"type-product","3":"status-publish","4":"has-post-thumbnail","6":"online_sale-juin-2025","7":"product_cat-non-classe","9":"first","10":"instock","11":"shipping-taxable","12":"purchasable","13":"product-type-auction"},"acf":[],"_links":{"self":[{"href":"https:\/\/staging.letempsjadisauction.com\/en\/wp-json\/wp\/v2\/product\/5315","targetHints":{"allow":["GET"]}}],"collection":[{"href":"https:\/\/staging.letempsjadisauction.com\/en\/wp-json\/wp\/v2\/product"}],"about":[{"href":"https:\/\/staging.letempsjadisauction.com\/en\/wp-json\/wp\/v2\/types\/product"}],"wp:featuredmedia":[{"embeddable":true,"href":"https:\/\/staging.letempsjadisauction.com\/en\/wp-json\/wp\/v2\/media\/4953"}],"wp:attachment":[{"href":"https:\/\/staging.letempsjadisauction.com\/en\/wp-json\/wp\/v2\/media?parent=5315"}],"wp:term":[{"taxonomy":"online_sale","embeddable":true,"href":"https:\/\/staging.letempsjadisauction.com\/en\/wp-json\/wp\/v2\/online_sale?post=5315"},{"taxonomy":"product_brand","embeddable":true,"href":"https:\/\/staging.letempsjadisauction.com\/en\/wp-json\/wp\/v2\/product_brand?post=5315"},{"taxonomy":"product_cat","embeddable":true,"href":"https:\/\/staging.letempsjadisauction.com\/en\/wp-json\/wp\/v2\/product_cat?post=5315"},{"taxonomy":"product_tag","embeddable":true,"href":"https:\/\/staging.letempsjadisauction.com\/en\/wp-json\/wp\/v2\/product_tag?post=5315"}],"curies":[{"name":"wp","href":"https:\/\/api.w.org\/{rel}","templated":true}]}}