{"id":2398,"date":"2025-05-04T19:12:11","date_gmt":"2025-05-04T19:12:11","guid":{"rendered":"https:\/\/staging.letempsjadisauction.com\/?post_type=product&#038;p=2398"},"modified":"2025-05-28T16:57:01","modified_gmt":"2025-05-28T16:57:01","slug":"180-jean-mathieu-nisen-pair-of-large-portraits-of-a-man-and-a-woman","status":"publish","type":"product","link":"https:\/\/staging.letempsjadisauction.com\/en\/auction\/180-jean-mathieu-nisen-pair-of-large-portraits-of-a-man-and-a-woman\/","title":{"rendered":"180. Jean Mathieu Nisen \u2013 Portrait du Chevalier Charles de Longr\u00e9e et de sa femme"},"content":{"rendered":"<p>Jean Mathieu Nisen , 1819-1885, portrait du Chevalier Charles de Longr\u00e9e et de sa femme, huile sur toile, 1867 et 1869, 82 x 65 cm, 110 x 92 cm, sign\u00e9s, le portrait de la femme porte l&rsquo;annotation \u00ab\u00a0d&rsquo;apr\u00e8s une miniature\u00a0\u00bb<\/p>","protected":false},"excerpt":{"rendered":"<p>Jean Mathieu Nisen - Pair of large portraits of a man and a woman<\/p>","protected":false},"featured_media":2221,"template":"","meta":{"_acf_changed":false,"inline_featured_image":false},"online_sale":[53],"product_brand":[],"product_cat":[18],"product_tag":[],"class_list":{"0":"post-2398","1":"product","2":"type-product","3":"status-publish","4":"has-post-thumbnail","6":"online_sale-mai-2025","7":"product_cat-non-classe","9":"first","10":"instock","11":"shipping-taxable","12":"purchasable","13":"product-type-auction"},"acf":[],"_links":{"self":[{"href":"https:\/\/staging.letempsjadisauction.com\/en\/wp-json\/wp\/v2\/product\/2398","targetHints":{"allow":["GET"]}}],"collection":[{"href":"https:\/\/staging.letempsjadisauction.com\/en\/wp-json\/wp\/v2\/product"}],"about":[{"href":"https:\/\/staging.letempsjadisauction.com\/en\/wp-json\/wp\/v2\/types\/product"}],"wp:featuredmedia":[{"embeddable":true,"href":"https:\/\/staging.letempsjadisauction.com\/en\/wp-json\/wp\/v2\/media\/2221"}],"wp:attachment":[{"href":"https:\/\/staging.letempsjadisauction.com\/en\/wp-json\/wp\/v2\/media?parent=2398"}],"wp:term":[{"taxonomy":"online_sale","embeddable":true,"href":"https:\/\/staging.letempsjadisauction.com\/en\/wp-json\/wp\/v2\/online_sale?post=2398"},{"taxonomy":"product_brand","embeddable":true,"href":"https:\/\/staging.letempsjadisauction.com\/en\/wp-json\/wp\/v2\/product_brand?post=2398"},{"taxonomy":"product_cat","embeddable":true,"href":"https:\/\/staging.letempsjadisauction.com\/en\/wp-json\/wp\/v2\/product_cat?post=2398"},{"taxonomy":"product_tag","embeddable":true,"href":"https:\/\/staging.letempsjadisauction.com\/en\/wp-json\/wp\/v2\/product_tag?post=2398"}],"curies":[{"name":"wp","href":"https:\/\/api.w.org\/{rel}","templated":true}]}}