{"id":2392,"date":"2025-05-04T19:11:17","date_gmt":"2025-05-04T19:11:17","guid":{"rendered":"https:\/\/staging.letempsjadisauction.com\/?post_type=product&#038;p=2392"},"modified":"2025-05-28T16:39:02","modified_gmt":"2025-05-28T16:39:02","slug":"174-anonymous-portrait-of-a-man","status":"publish","type":"product","link":"https:\/\/staging.letempsjadisauction.com\/en\/auction\/174-anonymous-portrait-of-a-man\/","title":{"rendered":"174. Anonyme - Portrait of a Man"},"content":{"rendered":"<p>Anonyme, portrait d&rsquo;homme , huile sur toile, d\u00e9but 19e si\u00e8cle, 72 x 64,5 cm, avec cadre : 83 x 96 cm, a restaurer : Vernis oxyd\u00e9, jauni. Petit coup dans la peinture. Cadre stuqu\u00e9 et dor\u00e9 \u00e0 la feuille du 19e si\u00e8cle. \u00c9tiquette mentionnant le mod\u00e8le : Joh. Ulr. Roethlisberger von Burgdorf 1804-1858<\/p>","protected":false},"excerpt":{"rendered":"<p>Anonyme \u2013 Portrait d&rsquo;homme<\/p>","protected":false},"featured_media":2197,"template":"","meta":{"_acf_changed":false,"inline_featured_image":false},"online_sale":[53],"product_brand":[],"product_cat":[18],"product_tag":[],"class_list":{"0":"post-2392","1":"product","2":"type-product","3":"status-publish","4":"has-post-thumbnail","6":"online_sale-mai-2025","7":"product_cat-non-classe","9":"first","10":"instock","11":"shipping-taxable","12":"purchasable","13":"product-type-auction"},"acf":[],"_links":{"self":[{"href":"https:\/\/staging.letempsjadisauction.com\/en\/wp-json\/wp\/v2\/product\/2392","targetHints":{"allow":["GET"]}}],"collection":[{"href":"https:\/\/staging.letempsjadisauction.com\/en\/wp-json\/wp\/v2\/product"}],"about":[{"href":"https:\/\/staging.letempsjadisauction.com\/en\/wp-json\/wp\/v2\/types\/product"}],"wp:featuredmedia":[{"embeddable":true,"href":"https:\/\/staging.letempsjadisauction.com\/en\/wp-json\/wp\/v2\/media\/2197"}],"wp:attachment":[{"href":"https:\/\/staging.letempsjadisauction.com\/en\/wp-json\/wp\/v2\/media?parent=2392"}],"wp:term":[{"taxonomy":"online_sale","embeddable":true,"href":"https:\/\/staging.letempsjadisauction.com\/en\/wp-json\/wp\/v2\/online_sale?post=2392"},{"taxonomy":"product_brand","embeddable":true,"href":"https:\/\/staging.letempsjadisauction.com\/en\/wp-json\/wp\/v2\/product_brand?post=2392"},{"taxonomy":"product_cat","embeddable":true,"href":"https:\/\/staging.letempsjadisauction.com\/en\/wp-json\/wp\/v2\/product_cat?post=2392"},{"taxonomy":"product_tag","embeddable":true,"href":"https:\/\/staging.letempsjadisauction.com\/en\/wp-json\/wp\/v2\/product_tag?post=2392"}],"curies":[{"name":"wp","href":"https:\/\/api.w.org\/{rel}","templated":true}]}}