{"id":2391,"date":"2025-05-04T19:12:06","date_gmt":"2025-05-04T19:12:06","guid":{"rendered":"https:\/\/staging.letempsjadisauction.com\/?post_type=product&#038;p=2391"},"modified":"2025-06-18T06:28:30","modified_gmt":"2025-06-18T06:28:30","slug":"173-du-bois-daissche-still-life-with-bunches-of-grapes","status":"publish","type":"product","link":"https:\/\/staging.letempsjadisauction.com\/en\/auction\/173-du-bois-daissche-still-life-with-bunches-of-grapes\/","title":{"rendered":"173. Du Bois D'Aissche - Still life with bunches of grapes"},"content":{"rendered":"<p>Du Bois D&rsquo;Aissche, Peinture repr\u00e9sentant une nature morte aux grappes de raisins, huile sur toile, 19e si\u00e8cle, 45 x 55 cm, avec cadre : 76 x 86 cm, cadre stuqu\u00e9 et dor\u00e9 \u00e0 la feuille 19e si\u00e8cle<\/p>","protected":false},"excerpt":{"rendered":"<p>Du Bois D&rsquo;Aissche \u2013 Nature morte aux grappes de raisins<\/p>","protected":false},"featured_media":2193,"template":"","meta":{"_acf_changed":false,"inline_featured_image":false},"online_sale":[53],"product_brand":[],"product_cat":[18],"product_tag":[],"class_list":{"0":"post-2391","1":"product","2":"type-product","3":"status-publish","4":"has-post-thumbnail","6":"online_sale-mai-2025","7":"product_cat-non-classe","9":"first","10":"instock","11":"shipping-taxable","12":"purchasable","13":"product-type-auction"},"acf":[],"_links":{"self":[{"href":"https:\/\/staging.letempsjadisauction.com\/en\/wp-json\/wp\/v2\/product\/2391","targetHints":{"allow":["GET"]}}],"collection":[{"href":"https:\/\/staging.letempsjadisauction.com\/en\/wp-json\/wp\/v2\/product"}],"about":[{"href":"https:\/\/staging.letempsjadisauction.com\/en\/wp-json\/wp\/v2\/types\/product"}],"wp:featuredmedia":[{"embeddable":true,"href":"https:\/\/staging.letempsjadisauction.com\/en\/wp-json\/wp\/v2\/media\/2193"}],"wp:attachment":[{"href":"https:\/\/staging.letempsjadisauction.com\/en\/wp-json\/wp\/v2\/media?parent=2391"}],"wp:term":[{"taxonomy":"online_sale","embeddable":true,"href":"https:\/\/staging.letempsjadisauction.com\/en\/wp-json\/wp\/v2\/online_sale?post=2391"},{"taxonomy":"product_brand","embeddable":true,"href":"https:\/\/staging.letempsjadisauction.com\/en\/wp-json\/wp\/v2\/product_brand?post=2391"},{"taxonomy":"product_cat","embeddable":true,"href":"https:\/\/staging.letempsjadisauction.com\/en\/wp-json\/wp\/v2\/product_cat?post=2391"},{"taxonomy":"product_tag","embeddable":true,"href":"https:\/\/staging.letempsjadisauction.com\/en\/wp-json\/wp\/v2\/product_tag?post=2391"}],"curies":[{"name":"wp","href":"https:\/\/api.w.org\/{rel}","templated":true}]}}