{"id":2388,"date":"2025-05-04T19:11:09","date_gmt":"2025-05-04T19:11:09","guid":{"rendered":"https:\/\/staging.letempsjadisauction.com\/?post_type=product&#038;p=2388"},"modified":"2025-05-28T16:27:02","modified_gmt":"2025-05-28T16:27:02","slug":"170-emile-baes-nude-woman","status":"publish","type":"product","link":"https:\/\/staging.letempsjadisauction.com\/en\/auction\/170-emile-baes-nude-woman\/","title":{"rendered":"170. \u00c9mile Baes - Nude woman"},"content":{"rendered":"<p>\u00c9mile Baes, 1879-1953, femme nue, huile sur toile, d\u00e9but 20e si\u00e8cle, 54 x 65 cm, avec cadre : 66,5 x 77,5 cm, Signature en haut \u00e0 droite.<\/p>","protected":false},"excerpt":{"rendered":"<p>\u00c9mile Baes - Nude woman<\/p>","protected":false},"featured_media":2181,"template":"","meta":{"_acf_changed":false,"inline_featured_image":false},"online_sale":[53],"product_brand":[],"product_cat":[18],"product_tag":[],"class_list":{"0":"post-2388","1":"product","2":"type-product","3":"status-publish","4":"has-post-thumbnail","6":"online_sale-mai-2025","7":"product_cat-non-classe","9":"first","10":"instock","11":"shipping-taxable","12":"purchasable","13":"product-type-auction"},"acf":[],"_links":{"self":[{"href":"https:\/\/staging.letempsjadisauction.com\/en\/wp-json\/wp\/v2\/product\/2388","targetHints":{"allow":["GET"]}}],"collection":[{"href":"https:\/\/staging.letempsjadisauction.com\/en\/wp-json\/wp\/v2\/product"}],"about":[{"href":"https:\/\/staging.letempsjadisauction.com\/en\/wp-json\/wp\/v2\/types\/product"}],"wp:featuredmedia":[{"embeddable":true,"href":"https:\/\/staging.letempsjadisauction.com\/en\/wp-json\/wp\/v2\/media\/2181"}],"wp:attachment":[{"href":"https:\/\/staging.letempsjadisauction.com\/en\/wp-json\/wp\/v2\/media?parent=2388"}],"wp:term":[{"taxonomy":"online_sale","embeddable":true,"href":"https:\/\/staging.letempsjadisauction.com\/en\/wp-json\/wp\/v2\/online_sale?post=2388"},{"taxonomy":"product_brand","embeddable":true,"href":"https:\/\/staging.letempsjadisauction.com\/en\/wp-json\/wp\/v2\/product_brand?post=2388"},{"taxonomy":"product_cat","embeddable":true,"href":"https:\/\/staging.letempsjadisauction.com\/en\/wp-json\/wp\/v2\/product_cat?post=2388"},{"taxonomy":"product_tag","embeddable":true,"href":"https:\/\/staging.letempsjadisauction.com\/en\/wp-json\/wp\/v2\/product_tag?post=2388"}],"curies":[{"name":"wp","href":"https:\/\/api.w.org\/{rel}","templated":true}]}}