{"id":2386,"date":"2025-05-04T19:11:11","date_gmt":"2025-05-04T19:11:11","guid":{"rendered":"https:\/\/staging.letempsjadisauction.com\/?post_type=product&#038;p=2386"},"modified":"2025-05-28T16:21:01","modified_gmt":"2025-05-28T16:21:01","slug":"168-fernand-de-launay-study-of-a-standing-man","status":"publish","type":"product","link":"https:\/\/staging.letempsjadisauction.com\/en\/auction\/168-fernand-de-launay-study-of-a-standing-man\/","title":{"rendered":"168. Fernand de Launay - Study of a standing man"},"content":{"rendered":"<p>Fernand de Launay, 1855-1904, \u00c9tude d&rsquo;un homme debout, crayon sur papier, 19e si\u00e8cle, 23 x 30 cm, Localis\u00e9 Barbizon et sign\u00e9 en bas \u00e0 gauche L. de Launay. R\u00e9alis\u00e9 sur deux feuilles assembl\u00e9es l&rsquo;une sur l&rsquo;autre.<\/p>","protected":false},"excerpt":{"rendered":"<p>Fernand de Launay \u2013 \u00c9tude d&rsquo;un homme debout<\/p>","protected":false},"featured_media":2430,"template":"","meta":{"_acf_changed":false,"inline_featured_image":false},"online_sale":[53],"product_brand":[],"product_cat":[18],"product_tag":[],"class_list":{"0":"post-2386","1":"product","2":"type-product","3":"status-publish","4":"has-post-thumbnail","6":"online_sale-mai-2025","7":"product_cat-non-classe","9":"first","10":"instock","11":"shipping-taxable","12":"purchasable","13":"product-type-auction"},"acf":[],"_links":{"self":[{"href":"https:\/\/staging.letempsjadisauction.com\/en\/wp-json\/wp\/v2\/product\/2386","targetHints":{"allow":["GET"]}}],"collection":[{"href":"https:\/\/staging.letempsjadisauction.com\/en\/wp-json\/wp\/v2\/product"}],"about":[{"href":"https:\/\/staging.letempsjadisauction.com\/en\/wp-json\/wp\/v2\/types\/product"}],"wp:featuredmedia":[{"embeddable":true,"href":"https:\/\/staging.letempsjadisauction.com\/en\/wp-json\/wp\/v2\/media\/2430"}],"wp:attachment":[{"href":"https:\/\/staging.letempsjadisauction.com\/en\/wp-json\/wp\/v2\/media?parent=2386"}],"wp:term":[{"taxonomy":"online_sale","embeddable":true,"href":"https:\/\/staging.letempsjadisauction.com\/en\/wp-json\/wp\/v2\/online_sale?post=2386"},{"taxonomy":"product_brand","embeddable":true,"href":"https:\/\/staging.letempsjadisauction.com\/en\/wp-json\/wp\/v2\/product_brand?post=2386"},{"taxonomy":"product_cat","embeddable":true,"href":"https:\/\/staging.letempsjadisauction.com\/en\/wp-json\/wp\/v2\/product_cat?post=2386"},{"taxonomy":"product_tag","embeddable":true,"href":"https:\/\/staging.letempsjadisauction.com\/en\/wp-json\/wp\/v2\/product_tag?post=2386"}],"curies":[{"name":"wp","href":"https:\/\/api.w.org\/{rel}","templated":true}]}}