{"id":2378,"date":"2025-05-04T19:11:03","date_gmt":"2025-05-04T19:11:03","guid":{"rendered":"https:\/\/staging.letempsjadisauction.com\/?post_type=product&#038;p=2378"},"modified":"2025-05-04T19:11:03","modified_gmt":"2025-05-04T19:11:03","slug":"160-andre-pierre-lupiac-large-painting-depicting-a-bacchanalian-scene","status":"publish","type":"product","link":"https:\/\/staging.letempsjadisauction.com\/en\/auction\/160-andre-pierre-lupiac-large-painting-depicting-a-bacchanalian-scene\/","title":{"rendered":"160 - Andr\u00e9 Pierre Lupiac - Large painting of a bacchanalian scene"},"content":{"rendered":"<p>Andr\u00e9 Pierre Lupiac, 1873-1946, Grande peinture repr\u00e9sentant une sc\u00e8ne de bacchanale. , huile sur toile, d\u00e9but 20e si\u00e8cle, 101 x 82 cm, Avec cadre : 107,5 x 88 cm, Marque du marchand de toile \u00e0 l&rsquo;arri\u00e8re.<\/p>","protected":false},"excerpt":{"rendered":"<p>Andr\u00e9 Pierre Lupiac - Large painting depicting a bacchanalian scene<\/p>","protected":false},"featured_media":2137,"template":"","meta":{"_acf_changed":false,"inline_featured_image":false},"online_sale":[53],"product_brand":[],"product_cat":[18],"product_tag":[],"class_list":{"0":"post-2378","1":"product","2":"type-product","3":"status-publish","4":"has-post-thumbnail","6":"online_sale-mai-2025","7":"product_cat-non-classe","9":"first","10":"instock","11":"shipping-taxable","12":"purchasable","13":"product-type-auction"},"acf":[],"_links":{"self":[{"href":"https:\/\/staging.letempsjadisauction.com\/en\/wp-json\/wp\/v2\/product\/2378","targetHints":{"allow":["GET"]}}],"collection":[{"href":"https:\/\/staging.letempsjadisauction.com\/en\/wp-json\/wp\/v2\/product"}],"about":[{"href":"https:\/\/staging.letempsjadisauction.com\/en\/wp-json\/wp\/v2\/types\/product"}],"wp:featuredmedia":[{"embeddable":true,"href":"https:\/\/staging.letempsjadisauction.com\/en\/wp-json\/wp\/v2\/media\/2137"}],"wp:attachment":[{"href":"https:\/\/staging.letempsjadisauction.com\/en\/wp-json\/wp\/v2\/media?parent=2378"}],"wp:term":[{"taxonomy":"online_sale","embeddable":true,"href":"https:\/\/staging.letempsjadisauction.com\/en\/wp-json\/wp\/v2\/online_sale?post=2378"},{"taxonomy":"product_brand","embeddable":true,"href":"https:\/\/staging.letempsjadisauction.com\/en\/wp-json\/wp\/v2\/product_brand?post=2378"},{"taxonomy":"product_cat","embeddable":true,"href":"https:\/\/staging.letempsjadisauction.com\/en\/wp-json\/wp\/v2\/product_cat?post=2378"},{"taxonomy":"product_tag","embeddable":true,"href":"https:\/\/staging.letempsjadisauction.com\/en\/wp-json\/wp\/v2\/product_tag?post=2378"}],"curies":[{"name":"wp","href":"https:\/\/api.w.org\/{rel}","templated":true}]}}