{"id":2358,"date":"2025-05-04T19:09:58","date_gmt":"2025-05-04T19:09:58","guid":{"rendered":"https:\/\/staging.letempsjadisauction.com\/?post_type=product&#038;p=2358"},"modified":"2025-05-04T19:09:58","modified_gmt":"2025-05-04T19:09:58","slug":"140-val-saint-lambert-crystal-glassware-cobalt-blue-inkwell-and-tray-with-engraved-and-gilded-butterfly-decorations","status":"publish","type":"product","link":"https:\/\/staging.letempsjadisauction.com\/en\/auction\/140-val-saint-lambert-crystal-glassware-cobalt-blue-inkwell-and-tray-with-engraved-and-gilded-butterfly-decorations\/","title":{"rendered":"140 - Cristallerie Val Saint Lambert - Cobalt blue inkwell and tray with engraved and gilded butterfly decorations"},"content":{"rendered":"<p>Cristallerie Val Saint Lambert, Encrier et plateau de couleur bleu cobalt \u00e0 d\u00e9cors grav\u00e9s et dor\u00e9s de papillons , cristal,  p\u00e9riode art nouveau, 17 x 10 cm, \u00c9clat au godet de l&rsquo;encrier. \u00c9tiquette Val-Saint-Lambert d&rsquo;origine<\/p>","protected":false},"excerpt":{"rendered":"<p>Cristallerie Val Saint Lambert - Cobalt blue inkwell and tray with engraved and gilded butterfly motifs<\/p>","protected":false},"featured_media":2037,"template":"","meta":{"_acf_changed":false,"inline_featured_image":false},"online_sale":[53],"product_brand":[],"product_cat":[18],"product_tag":[],"class_list":{"0":"post-2358","1":"product","2":"type-product","3":"status-publish","4":"has-post-thumbnail","6":"online_sale-mai-2025","7":"product_cat-non-classe","9":"first","10":"instock","11":"shipping-taxable","12":"purchasable","13":"product-type-auction"},"acf":[],"_links":{"self":[{"href":"https:\/\/staging.letempsjadisauction.com\/en\/wp-json\/wp\/v2\/product\/2358","targetHints":{"allow":["GET"]}}],"collection":[{"href":"https:\/\/staging.letempsjadisauction.com\/en\/wp-json\/wp\/v2\/product"}],"about":[{"href":"https:\/\/staging.letempsjadisauction.com\/en\/wp-json\/wp\/v2\/types\/product"}],"wp:featuredmedia":[{"embeddable":true,"href":"https:\/\/staging.letempsjadisauction.com\/en\/wp-json\/wp\/v2\/media\/2037"}],"wp:attachment":[{"href":"https:\/\/staging.letempsjadisauction.com\/en\/wp-json\/wp\/v2\/media?parent=2358"}],"wp:term":[{"taxonomy":"online_sale","embeddable":true,"href":"https:\/\/staging.letempsjadisauction.com\/en\/wp-json\/wp\/v2\/online_sale?post=2358"},{"taxonomy":"product_brand","embeddable":true,"href":"https:\/\/staging.letempsjadisauction.com\/en\/wp-json\/wp\/v2\/product_brand?post=2358"},{"taxonomy":"product_cat","embeddable":true,"href":"https:\/\/staging.letempsjadisauction.com\/en\/wp-json\/wp\/v2\/product_cat?post=2358"},{"taxonomy":"product_tag","embeddable":true,"href":"https:\/\/staging.letempsjadisauction.com\/en\/wp-json\/wp\/v2\/product_tag?post=2358"}],"curies":[{"name":"wp","href":"https:\/\/api.w.org\/{rel}","templated":true}]}}