{"id":2352,"date":"2025-05-04T19:09:11","date_gmt":"2025-05-04T19:09:11","guid":{"rendered":"https:\/\/staging.letempsjadisauction.com\/?post_type=product&#038;p=2352"},"modified":"2025-05-04T19:09:11","modified_gmt":"2025-05-04T19:09:11","slug":"134-theodore-legras-speckled-vase-floral-design","status":"publish","type":"product","link":"https:\/\/staging.letempsjadisauction.com\/en\/auction\/134-theodore-legras-speckled-vase-floral-design\/","title":{"rendered":"134. Th\u00e9odore Legras - Speckled vase with floral decoration"},"content":{"rendered":"<p>Th\u00e9odore Legras (1839-1916), Vase mouchet\u00e9 de couleurs bruns-vert, d\u00e9cor\u00e9 de fleurs et feuillages tombant sur la panse. , Verre d\u00e9gag\u00e9 \u00e0 l&rsquo;acide, 20e si\u00e8cle, art d\u00e9co, 40 cm, Sign\u00e9 \u00e0 la main dans le verre<\/p>","protected":false},"excerpt":{"rendered":"<p>Th\u00e9odore Legras - Speckled vase with floral decoration<\/p>","protected":false},"featured_media":2003,"template":"","meta":{"_acf_changed":false,"inline_featured_image":false},"online_sale":[53],"product_brand":[],"product_cat":[18],"product_tag":[],"class_list":{"0":"post-2352","1":"product","2":"type-product","3":"status-publish","4":"has-post-thumbnail","6":"online_sale-mai-2025","7":"product_cat-non-classe","9":"first","10":"instock","11":"shipping-taxable","12":"purchasable","13":"product-type-auction"},"acf":[],"_links":{"self":[{"href":"https:\/\/staging.letempsjadisauction.com\/en\/wp-json\/wp\/v2\/product\/2352","targetHints":{"allow":["GET"]}}],"collection":[{"href":"https:\/\/staging.letempsjadisauction.com\/en\/wp-json\/wp\/v2\/product"}],"about":[{"href":"https:\/\/staging.letempsjadisauction.com\/en\/wp-json\/wp\/v2\/types\/product"}],"wp:featuredmedia":[{"embeddable":true,"href":"https:\/\/staging.letempsjadisauction.com\/en\/wp-json\/wp\/v2\/media\/2003"}],"wp:attachment":[{"href":"https:\/\/staging.letempsjadisauction.com\/en\/wp-json\/wp\/v2\/media?parent=2352"}],"wp:term":[{"taxonomy":"online_sale","embeddable":true,"href":"https:\/\/staging.letempsjadisauction.com\/en\/wp-json\/wp\/v2\/online_sale?post=2352"},{"taxonomy":"product_brand","embeddable":true,"href":"https:\/\/staging.letempsjadisauction.com\/en\/wp-json\/wp\/v2\/product_brand?post=2352"},{"taxonomy":"product_cat","embeddable":true,"href":"https:\/\/staging.letempsjadisauction.com\/en\/wp-json\/wp\/v2\/product_cat?post=2352"},{"taxonomy":"product_tag","embeddable":true,"href":"https:\/\/staging.letempsjadisauction.com\/en\/wp-json\/wp\/v2\/product_tag?post=2352"}],"curies":[{"name":"wp","href":"https:\/\/api.w.org\/{rel}","templated":true}]}}