{"id":2296,"date":"2025-05-04T18:10:51","date_gmt":"2025-05-04T18:10:51","guid":{"rendered":"https:\/\/staging.letempsjadisauction.com\/?post_type=product&#038;p=2296"},"modified":"2025-05-04T18:10:52","modified_gmt":"2025-05-04T18:10:52","slug":"84-french-work-pair-of-baluster-vases-mounted-on-cubic-bases","status":"publish","type":"product","link":"https:\/\/staging.letempsjadisauction.com\/en\/auction\/84-french-work-pair-of-baluster-vases-mounted-on-cubic-bases\/","title":{"rendered":"84.  French work - Pair of baluster vases mounted on cubic bases"},"content":{"rendered":"<p>Paire de vases balustres mont\u00e9s sur bases cubiques. L&rsquo;ensemble de couleur bleue est surmont\u00e9 de rehauts dor\u00e9s et de repr\u00e9sentations de fleurs, porcelaine peinte, 34 x 19 x 12 cm, Marque aux S entrelac\u00e9s et initiales MF<\/p>","protected":false},"excerpt":{"rendered":"<p>French work, Pair of baluster vases mounted on cubic bases<\/p>","protected":false},"featured_media":1768,"template":"","meta":{"_acf_changed":false,"inline_featured_image":false},"online_sale":[53],"product_brand":[],"product_cat":[18],"product_tag":[],"class_list":{"0":"post-2296","1":"product","2":"type-product","3":"status-publish","4":"has-post-thumbnail","6":"online_sale-mai-2025","7":"product_cat-non-classe","9":"first","10":"instock","11":"shipping-taxable","12":"purchasable","13":"product-type-auction"},"acf":[],"_links":{"self":[{"href":"https:\/\/staging.letempsjadisauction.com\/en\/wp-json\/wp\/v2\/product\/2296","targetHints":{"allow":["GET"]}}],"collection":[{"href":"https:\/\/staging.letempsjadisauction.com\/en\/wp-json\/wp\/v2\/product"}],"about":[{"href":"https:\/\/staging.letempsjadisauction.com\/en\/wp-json\/wp\/v2\/types\/product"}],"wp:featuredmedia":[{"embeddable":true,"href":"https:\/\/staging.letempsjadisauction.com\/en\/wp-json\/wp\/v2\/media\/1768"}],"wp:attachment":[{"href":"https:\/\/staging.letempsjadisauction.com\/en\/wp-json\/wp\/v2\/media?parent=2296"}],"wp:term":[{"taxonomy":"online_sale","embeddable":true,"href":"https:\/\/staging.letempsjadisauction.com\/en\/wp-json\/wp\/v2\/online_sale?post=2296"},{"taxonomy":"product_brand","embeddable":true,"href":"https:\/\/staging.letempsjadisauction.com\/en\/wp-json\/wp\/v2\/product_brand?post=2296"},{"taxonomy":"product_cat","embeddable":true,"href":"https:\/\/staging.letempsjadisauction.com\/en\/wp-json\/wp\/v2\/product_cat?post=2296"},{"taxonomy":"product_tag","embeddable":true,"href":"https:\/\/staging.letempsjadisauction.com\/en\/wp-json\/wp\/v2\/product_tag?post=2296"}],"curies":[{"name":"wp","href":"https:\/\/api.w.org\/{rel}","templated":true}]}}