{"id":2293,"date":"2025-05-04T18:10:49","date_gmt":"2025-05-04T18:10:49","guid":{"rendered":"https:\/\/staging.letempsjadisauction.com\/?post_type=product&#038;p=2293"},"modified":"2025-05-04T18:10:49","modified_gmt":"2025-05-04T18:10:49","slug":"81-belgian-work-cafetiere-in-namur-black-clay","status":"publish","type":"product","link":"https:\/\/staging.letempsjadisauction.com\/en\/auction\/81-belgian-work-cafetiere-in-namur-black-clay\/","title":{"rendered":"81.  Belgian work - Coffee pot in black earth from Namur"},"content":{"rendered":"<p>Cafeti\u00e8re en terre noire de Namur, fa\u00efence, surmont\u00e9e d&rsquo;\u00e9l\u00e9ments en argent, 18e si\u00e8cle, 25,5 x 23 x 13 cm<\/p>","protected":false},"excerpt":{"rendered":"<p>Belgian work, Coffee pot in black earth from Namur<\/p>","protected":false},"featured_media":2285,"template":"","meta":{"_acf_changed":false,"inline_featured_image":false},"online_sale":[53],"product_brand":[],"product_cat":[18],"product_tag":[],"class_list":{"0":"post-2293","1":"product","2":"type-product","3":"status-publish","4":"has-post-thumbnail","6":"online_sale-mai-2025","7":"product_cat-non-classe","9":"first","10":"instock","11":"shipping-taxable","12":"purchasable","13":"product-type-auction"},"acf":[],"_links":{"self":[{"href":"https:\/\/staging.letempsjadisauction.com\/en\/wp-json\/wp\/v2\/product\/2293","targetHints":{"allow":["GET"]}}],"collection":[{"href":"https:\/\/staging.letempsjadisauction.com\/en\/wp-json\/wp\/v2\/product"}],"about":[{"href":"https:\/\/staging.letempsjadisauction.com\/en\/wp-json\/wp\/v2\/types\/product"}],"wp:featuredmedia":[{"embeddable":true,"href":"https:\/\/staging.letempsjadisauction.com\/en\/wp-json\/wp\/v2\/media\/2285"}],"wp:attachment":[{"href":"https:\/\/staging.letempsjadisauction.com\/en\/wp-json\/wp\/v2\/media?parent=2293"}],"wp:term":[{"taxonomy":"online_sale","embeddable":true,"href":"https:\/\/staging.letempsjadisauction.com\/en\/wp-json\/wp\/v2\/online_sale?post=2293"},{"taxonomy":"product_brand","embeddable":true,"href":"https:\/\/staging.letempsjadisauction.com\/en\/wp-json\/wp\/v2\/product_brand?post=2293"},{"taxonomy":"product_cat","embeddable":true,"href":"https:\/\/staging.letempsjadisauction.com\/en\/wp-json\/wp\/v2\/product_cat?post=2293"},{"taxonomy":"product_tag","embeddable":true,"href":"https:\/\/staging.letempsjadisauction.com\/en\/wp-json\/wp\/v2\/product_tag?post=2293"}],"curies":[{"name":"wp","href":"https:\/\/api.w.org\/{rel}","templated":true}]}}