{"id":1739,"date":"2025-04-30T14:23:05","date_gmt":"2025-04-30T14:23:05","guid":{"rendered":"https:\/\/staging.letempsjadisauction.com\/?post_type=product&#038;p=1739"},"modified":"2025-05-28T11:45:01","modified_gmt":"2025-05-28T11:45:01","slug":"veuve-perrin-small-miniature-chest-of-drawers-in-the-louis-xv-style","status":"publish","type":"product","link":"https:\/\/staging.letempsjadisauction.com\/en\/auction\/veuve-perrin-small-miniature-chest-of-drawers-in-the-louis-xv-style\/","title":{"rendered":"76. Veuve Perrin - Small Louis XV style miniature chest of drawers"},"content":{"rendered":"<p>Veuve Perrin \u2013 Petite commode miniature de style Louis XV peinte et d\u00e9cor\u00e9e d&rsquo;une sc\u00e8ne de vie dans la campagne fran\u00e7aise et de motifs floraux. Monogramme VP. \u2013 fa\u00efence peinte \u2013 18e si\u00e8cle \u2013 14 x 11 x 11 cm<\/p>","protected":false},"excerpt":{"rendered":"<p>Veuve Perrin - Small Louis XV style miniature chest of drawers<\/p>","protected":false},"featured_media":1663,"template":"","meta":{"_acf_changed":false,"inline_featured_image":false},"online_sale":[53],"product_brand":[],"product_cat":[18],"product_tag":[],"class_list":{"0":"post-1739","1":"product","2":"type-product","3":"status-publish","4":"has-post-thumbnail","6":"online_sale-mai-2025","7":"product_cat-non-classe","9":"first","10":"instock","11":"shipping-taxable","12":"purchasable","13":"product-type-auction"},"acf":[],"_links":{"self":[{"href":"https:\/\/staging.letempsjadisauction.com\/en\/wp-json\/wp\/v2\/product\/1739","targetHints":{"allow":["GET"]}}],"collection":[{"href":"https:\/\/staging.letempsjadisauction.com\/en\/wp-json\/wp\/v2\/product"}],"about":[{"href":"https:\/\/staging.letempsjadisauction.com\/en\/wp-json\/wp\/v2\/types\/product"}],"wp:featuredmedia":[{"embeddable":true,"href":"https:\/\/staging.letempsjadisauction.com\/en\/wp-json\/wp\/v2\/media\/1663"}],"wp:attachment":[{"href":"https:\/\/staging.letempsjadisauction.com\/en\/wp-json\/wp\/v2\/media?parent=1739"}],"wp:term":[{"taxonomy":"online_sale","embeddable":true,"href":"https:\/\/staging.letempsjadisauction.com\/en\/wp-json\/wp\/v2\/online_sale?post=1739"},{"taxonomy":"product_brand","embeddable":true,"href":"https:\/\/staging.letempsjadisauction.com\/en\/wp-json\/wp\/v2\/product_brand?post=1739"},{"taxonomy":"product_cat","embeddable":true,"href":"https:\/\/staging.letempsjadisauction.com\/en\/wp-json\/wp\/v2\/product_cat?post=1739"},{"taxonomy":"product_tag","embeddable":true,"href":"https:\/\/staging.letempsjadisauction.com\/en\/wp-json\/wp\/v2\/product_tag?post=1739"}],"curies":[{"name":"wp","href":"https:\/\/api.w.org\/{rel}","templated":true}]}}