{"id":1738,"date":"2025-04-30T14:23:06","date_gmt":"2025-04-30T14:23:06","guid":{"rendered":"https:\/\/staging.letempsjadisauction.com\/?post_type=product&#038;p=1738"},"modified":"2025-05-28T11:42:01","modified_gmt":"2025-05-28T11:42:01","slug":"piero-fornasetti-spherical-paper-press-adorned-with-a-representation-of-an-eye","status":"publish","type":"product","link":"https:\/\/staging.letempsjadisauction.com\/en\/auction\/piero-fornasetti-spherical-paper-press-adorned-with-a-representation-of-an-eye\/","title":{"rendered":"75. Piero Fornasetti (?) - Spherical paperweight decorated with a representation of an eye"},"content":{"rendered":"<p>Piero Fornasetti (?) \u2013 Presse-papier sph\u00e9rique orn\u00e9 d&rsquo;une repr\u00e9sentation d&rsquo;\u0153il, design italien \u2013 fa\u00efence \u2013 20e si\u00e8cle \u2013 8 x 6,5 cm<\/p>","protected":false},"excerpt":{"rendered":"<p>Piero Fornasetti (?) - Spherical paperweight decorated with a representation of an eye<\/p>","protected":false},"featured_media":1661,"template":"","meta":{"_acf_changed":false,"inline_featured_image":false},"online_sale":[53],"product_brand":[],"product_cat":[18],"product_tag":[],"class_list":{"0":"post-1738","1":"product","2":"type-product","3":"status-publish","4":"has-post-thumbnail","6":"online_sale-mai-2025","7":"product_cat-non-classe","9":"first","10":"instock","11":"shipping-taxable","12":"purchasable","13":"product-type-auction"},"acf":[],"_links":{"self":[{"href":"https:\/\/staging.letempsjadisauction.com\/en\/wp-json\/wp\/v2\/product\/1738","targetHints":{"allow":["GET"]}}],"collection":[{"href":"https:\/\/staging.letempsjadisauction.com\/en\/wp-json\/wp\/v2\/product"}],"about":[{"href":"https:\/\/staging.letempsjadisauction.com\/en\/wp-json\/wp\/v2\/types\/product"}],"wp:featuredmedia":[{"embeddable":true,"href":"https:\/\/staging.letempsjadisauction.com\/en\/wp-json\/wp\/v2\/media\/1661"}],"wp:attachment":[{"href":"https:\/\/staging.letempsjadisauction.com\/en\/wp-json\/wp\/v2\/media?parent=1738"}],"wp:term":[{"taxonomy":"online_sale","embeddable":true,"href":"https:\/\/staging.letempsjadisauction.com\/en\/wp-json\/wp\/v2\/online_sale?post=1738"},{"taxonomy":"product_brand","embeddable":true,"href":"https:\/\/staging.letempsjadisauction.com\/en\/wp-json\/wp\/v2\/product_brand?post=1738"},{"taxonomy":"product_cat","embeddable":true,"href":"https:\/\/staging.letempsjadisauction.com\/en\/wp-json\/wp\/v2\/product_cat?post=1738"},{"taxonomy":"product_tag","embeddable":true,"href":"https:\/\/staging.letempsjadisauction.com\/en\/wp-json\/wp\/v2\/product_tag?post=1738"}],"curies":[{"name":"wp","href":"https:\/\/api.w.org\/{rel}","templated":true}]}}