{"id":1737,"date":"2025-04-30T14:23:07","date_gmt":"2025-04-30T14:23:07","guid":{"rendered":"https:\/\/staging.letempsjadisauction.com\/?post_type=product&#038;p=1737"},"modified":"2025-05-28T11:39:23","modified_gmt":"2025-05-28T11:39:23","slug":"anonymous-enamelled-fly-box-with-miniature-decoration","status":"publish","type":"product","link":"https:\/\/staging.letempsjadisauction.com\/en\/auction\/anonymous-enamelled-fly-box-with-miniature-decoration\/","title":{"rendered":"74 (Anonymous) - Enamelled fly box decorated with a miniature"},"content":{"rendered":"<p>(Anonyme) \u2013 Bo\u00eete \u00e0 mouches \u00e9maill\u00e9e orn\u00e9e d&rsquo;une miniature repr\u00e9sentant une sc\u00e8ne galante dans le style du XVIIIe si\u00e8cle \u2013 bronze \u2013 10 x 7,8 x 3,3 \u2013 peinture fissur\u00e9e en deux<\/p>","protected":false},"excerpt":{"rendered":"<p>(Anonymous) - Enamelled fly box decorated with a miniature<\/p>","protected":false},"featured_media":1654,"template":"","meta":{"_acf_changed":false,"inline_featured_image":false},"online_sale":[53],"product_brand":[],"product_cat":[18],"product_tag":[],"class_list":{"0":"post-1737","1":"product","2":"type-product","3":"status-publish","4":"has-post-thumbnail","6":"online_sale-mai-2025","7":"product_cat-non-classe","9":"first","10":"instock","11":"shipping-taxable","12":"purchasable","13":"product-type-auction"},"acf":[],"_links":{"self":[{"href":"https:\/\/staging.letempsjadisauction.com\/en\/wp-json\/wp\/v2\/product\/1737","targetHints":{"allow":["GET"]}}],"collection":[{"href":"https:\/\/staging.letempsjadisauction.com\/en\/wp-json\/wp\/v2\/product"}],"about":[{"href":"https:\/\/staging.letempsjadisauction.com\/en\/wp-json\/wp\/v2\/types\/product"}],"wp:featuredmedia":[{"embeddable":true,"href":"https:\/\/staging.letempsjadisauction.com\/en\/wp-json\/wp\/v2\/media\/1654"}],"wp:attachment":[{"href":"https:\/\/staging.letempsjadisauction.com\/en\/wp-json\/wp\/v2\/media?parent=1737"}],"wp:term":[{"taxonomy":"online_sale","embeddable":true,"href":"https:\/\/staging.letempsjadisauction.com\/en\/wp-json\/wp\/v2\/online_sale?post=1737"},{"taxonomy":"product_brand","embeddable":true,"href":"https:\/\/staging.letempsjadisauction.com\/en\/wp-json\/wp\/v2\/product_brand?post=1737"},{"taxonomy":"product_cat","embeddable":true,"href":"https:\/\/staging.letempsjadisauction.com\/en\/wp-json\/wp\/v2\/product_cat?post=1737"},{"taxonomy":"product_tag","embeddable":true,"href":"https:\/\/staging.letempsjadisauction.com\/en\/wp-json\/wp\/v2\/product_tag?post=1737"}],"curies":[{"name":"wp","href":"https:\/\/api.w.org\/{rel}","templated":true}]}}