{"id":1736,"date":"2025-04-30T14:23:08","date_gmt":"2025-04-30T14:23:08","guid":{"rendered":"https:\/\/staging.letempsjadisauction.com\/?post_type=product&#038;p=1736"},"modified":"2025-05-28T11:36:01","modified_gmt":"2025-05-28T11:36:01","slug":"french-work-round-fly-box-decorated-with-a-miniature-painting","status":"publish","type":"product","link":"https:\/\/staging.letempsjadisauction.com\/en\/auction\/french-work-round-fly-box-decorated-with-a-miniature-painting\/","title":{"rendered":"73. French work - Round fly box decorated with a miniature painting"},"content":{"rendered":"<p>Travail fran\u00e7ais \u2013 Bo\u00eete \u00e0 mouche de forme ronde orn\u00e9e d&rsquo;une peinture miniature repr\u00e9sentant deux putti et un lion tirant un char \u2013 peinture \u00e0 l\u2019huile \u2013 18e si\u00e8cle \u2013 6,5 cm de diam\u00e8tre \u2013 \u00c9tat : Miroir d\u2019origine fragment\u00e9, \u00e9tiquette mentionnant Paris 1780<\/p>","protected":false},"excerpt":{"rendered":"<p>French work - Round fly box decorated with a miniature painting<\/p>","protected":false},"featured_media":1646,"template":"","meta":{"_acf_changed":false,"inline_featured_image":false},"online_sale":[53],"product_brand":[],"product_cat":[18],"product_tag":[],"class_list":{"0":"post-1736","1":"product","2":"type-product","3":"status-publish","4":"has-post-thumbnail","6":"online_sale-mai-2025","7":"product_cat-non-classe","9":"first","10":"instock","11":"shipping-taxable","12":"purchasable","13":"product-type-auction"},"acf":[],"_links":{"self":[{"href":"https:\/\/staging.letempsjadisauction.com\/en\/wp-json\/wp\/v2\/product\/1736","targetHints":{"allow":["GET"]}}],"collection":[{"href":"https:\/\/staging.letempsjadisauction.com\/en\/wp-json\/wp\/v2\/product"}],"about":[{"href":"https:\/\/staging.letempsjadisauction.com\/en\/wp-json\/wp\/v2\/types\/product"}],"wp:featuredmedia":[{"embeddable":true,"href":"https:\/\/staging.letempsjadisauction.com\/en\/wp-json\/wp\/v2\/media\/1646"}],"wp:attachment":[{"href":"https:\/\/staging.letempsjadisauction.com\/en\/wp-json\/wp\/v2\/media?parent=1736"}],"wp:term":[{"taxonomy":"online_sale","embeddable":true,"href":"https:\/\/staging.letempsjadisauction.com\/en\/wp-json\/wp\/v2\/online_sale?post=1736"},{"taxonomy":"product_brand","embeddable":true,"href":"https:\/\/staging.letempsjadisauction.com\/en\/wp-json\/wp\/v2\/product_brand?post=1736"},{"taxonomy":"product_cat","embeddable":true,"href":"https:\/\/staging.letempsjadisauction.com\/en\/wp-json\/wp\/v2\/product_cat?post=1736"},{"taxonomy":"product_tag","embeddable":true,"href":"https:\/\/staging.letempsjadisauction.com\/en\/wp-json\/wp\/v2\/product_tag?post=1736"}],"curies":[{"name":"wp","href":"https:\/\/api.w.org\/{rel}","templated":true}]}}