{"id":1702,"date":"2025-04-30T14:21:49","date_gmt":"2025-04-30T14:21:49","guid":{"rendered":"https:\/\/staging.letempsjadisauction.com\/?post_type=product&#038;p=1702"},"modified":"2025-05-28T09:54:01","modified_gmt":"2025-05-28T09:54:01","slug":"anonymous-polychrome-statue-of-a-saint-deacon-saint-stephen-saint-laurent","status":"publish","type":"product","link":"https:\/\/staging.letempsjadisauction.com\/en\/auction\/anonymous-polychrome-statue-of-a-saint-deacon-saint-stephen-saint-laurent\/","title":{"rendered":"39. Anonymous - Polychrome statue representing a holy deacon, Saint Stephen? Saint Laurent ?"},"content":{"rendered":"<p>Anonyme, statue polychrome repr\u00e9sentant un saint diacre, saint \u00c9tienne ? Saint Laurent ?, bois peint, 17e si\u00e8cle, 100 x 33 x 20 cm, manques, polychromie us\u00e9e<\/p>","protected":false},"excerpt":{"rendered":"<p>Anonymous - Polychrome statue representing a holy deacon, Saint Stephen? Saint Laurent ?<\/p>","protected":false},"featured_media":1467,"template":"","meta":{"_acf_changed":false,"inline_featured_image":false},"online_sale":[53],"product_brand":[],"product_cat":[18],"product_tag":[],"class_list":{"0":"post-1702","1":"product","2":"type-product","3":"status-publish","4":"has-post-thumbnail","6":"online_sale-mai-2025","7":"product_cat-non-classe","9":"first","10":"instock","11":"shipping-taxable","12":"purchasable","13":"product-type-auction"},"acf":[],"_links":{"self":[{"href":"https:\/\/staging.letempsjadisauction.com\/en\/wp-json\/wp\/v2\/product\/1702","targetHints":{"allow":["GET"]}}],"collection":[{"href":"https:\/\/staging.letempsjadisauction.com\/en\/wp-json\/wp\/v2\/product"}],"about":[{"href":"https:\/\/staging.letempsjadisauction.com\/en\/wp-json\/wp\/v2\/types\/product"}],"wp:featuredmedia":[{"embeddable":true,"href":"https:\/\/staging.letempsjadisauction.com\/en\/wp-json\/wp\/v2\/media\/1467"}],"wp:attachment":[{"href":"https:\/\/staging.letempsjadisauction.com\/en\/wp-json\/wp\/v2\/media?parent=1702"}],"wp:term":[{"taxonomy":"online_sale","embeddable":true,"href":"https:\/\/staging.letempsjadisauction.com\/en\/wp-json\/wp\/v2\/online_sale?post=1702"},{"taxonomy":"product_brand","embeddable":true,"href":"https:\/\/staging.letempsjadisauction.com\/en\/wp-json\/wp\/v2\/product_brand?post=1702"},{"taxonomy":"product_cat","embeddable":true,"href":"https:\/\/staging.letempsjadisauction.com\/en\/wp-json\/wp\/v2\/product_cat?post=1702"},{"taxonomy":"product_tag","embeddable":true,"href":"https:\/\/staging.letempsjadisauction.com\/en\/wp-json\/wp\/v2\/product_tag?post=1702"}],"curies":[{"name":"wp","href":"https:\/\/api.w.org\/{rel}","templated":true}]}}