{"id":1700,"date":"2025-04-30T14:21:51","date_gmt":"2025-04-30T14:21:51","guid":{"rendered":"https:\/\/staging.letempsjadisauction.com\/?post_type=product&#038;p=1700"},"modified":"2025-05-28T09:48:01","modified_gmt":"2025-05-28T09:48:01","slug":"henri-gauquie-facet-spera-statue","status":"publish","type":"product","link":"https:\/\/staging.letempsjadisauction.com\/en\/auction\/henri-gauquie-facet-spera-statue\/","title":{"rendered":"37. Henri Gauqui\u00e9 - Statue Facet Spera"},"content":{"rendered":"<p>Henri Gauqui\u00e9, 1858 &#8211; 1927, Statue Facet Spera, bronze patine m\u00e9daille, brun fonc\u00e9. Socle en marbre vert, 19e-20e si\u00e8cle, 45,5 x 25,5 x 20,5 cm<\/p>","protected":false},"excerpt":{"rendered":"<p>Henri Gauqui\u00e9 - Statue Facet Spera<\/p>","protected":false},"featured_media":1458,"template":"","meta":{"_acf_changed":false,"inline_featured_image":false},"online_sale":[53],"product_brand":[],"product_cat":[18],"product_tag":[],"class_list":{"0":"post-1700","1":"product","2":"type-product","3":"status-publish","4":"has-post-thumbnail","6":"online_sale-mai-2025","7":"product_cat-non-classe","9":"first","10":"instock","11":"shipping-taxable","12":"purchasable","13":"product-type-auction"},"acf":[],"_links":{"self":[{"href":"https:\/\/staging.letempsjadisauction.com\/en\/wp-json\/wp\/v2\/product\/1700","targetHints":{"allow":["GET"]}}],"collection":[{"href":"https:\/\/staging.letempsjadisauction.com\/en\/wp-json\/wp\/v2\/product"}],"about":[{"href":"https:\/\/staging.letempsjadisauction.com\/en\/wp-json\/wp\/v2\/types\/product"}],"wp:featuredmedia":[{"embeddable":true,"href":"https:\/\/staging.letempsjadisauction.com\/en\/wp-json\/wp\/v2\/media\/1458"}],"wp:attachment":[{"href":"https:\/\/staging.letempsjadisauction.com\/en\/wp-json\/wp\/v2\/media?parent=1700"}],"wp:term":[{"taxonomy":"online_sale","embeddable":true,"href":"https:\/\/staging.letempsjadisauction.com\/en\/wp-json\/wp\/v2\/online_sale?post=1700"},{"taxonomy":"product_brand","embeddable":true,"href":"https:\/\/staging.letempsjadisauction.com\/en\/wp-json\/wp\/v2\/product_brand?post=1700"},{"taxonomy":"product_cat","embeddable":true,"href":"https:\/\/staging.letempsjadisauction.com\/en\/wp-json\/wp\/v2\/product_cat?post=1700"},{"taxonomy":"product_tag","embeddable":true,"href":"https:\/\/staging.letempsjadisauction.com\/en\/wp-json\/wp\/v2\/product_tag?post=1700"}],"curies":[{"name":"wp","href":"https:\/\/api.w.org\/{rel}","templated":true}]}}