{"id":1699,"date":"2025-04-30T14:22:19","date_gmt":"2025-04-30T14:22:19","guid":{"rendered":"https:\/\/staging.letempsjadisauction.com\/?post_type=product&#038;p=1699"},"modified":"2025-05-28T09:45:01","modified_gmt":"2025-05-28T09:45:01","slug":"alexandre-ouline-statue-representing-a-woodcutter","status":"publish","type":"product","link":"https:\/\/staging.letempsjadisauction.com\/en\/auction\/alexandre-ouline-statue-representing-a-woodcutter\/","title":{"rendered":"36. Alexandre Ouline - Statue representing a woodcutter"},"content":{"rendered":"<p>Alexandre Ouline, 1882-1961, Statue repr\u00e9sentant un b\u00fbcheron, bronze \u00e0 patine brune fonc\u00e9e, 20e si\u00e8cle, 46 x 40 x 18 cm<\/p>","protected":false},"excerpt":{"rendered":"<p>Alexandre Ouline - Statue representing a woodcutter<\/p>","protected":false},"featured_media":1455,"template":"","meta":{"_acf_changed":false,"inline_featured_image":false},"online_sale":[53],"product_brand":[],"product_cat":[18],"product_tag":[],"class_list":{"0":"post-1699","1":"product","2":"type-product","3":"status-publish","4":"has-post-thumbnail","6":"online_sale-mai-2025","7":"product_cat-non-classe","9":"first","10":"instock","11":"shipping-taxable","12":"purchasable","13":"product-type-auction"},"acf":[],"_links":{"self":[{"href":"https:\/\/staging.letempsjadisauction.com\/en\/wp-json\/wp\/v2\/product\/1699","targetHints":{"allow":["GET"]}}],"collection":[{"href":"https:\/\/staging.letempsjadisauction.com\/en\/wp-json\/wp\/v2\/product"}],"about":[{"href":"https:\/\/staging.letempsjadisauction.com\/en\/wp-json\/wp\/v2\/types\/product"}],"wp:featuredmedia":[{"embeddable":true,"href":"https:\/\/staging.letempsjadisauction.com\/en\/wp-json\/wp\/v2\/media\/1455"}],"wp:attachment":[{"href":"https:\/\/staging.letempsjadisauction.com\/en\/wp-json\/wp\/v2\/media?parent=1699"}],"wp:term":[{"taxonomy":"online_sale","embeddable":true,"href":"https:\/\/staging.letempsjadisauction.com\/en\/wp-json\/wp\/v2\/online_sale?post=1699"},{"taxonomy":"product_brand","embeddable":true,"href":"https:\/\/staging.letempsjadisauction.com\/en\/wp-json\/wp\/v2\/product_brand?post=1699"},{"taxonomy":"product_cat","embeddable":true,"href":"https:\/\/staging.letempsjadisauction.com\/en\/wp-json\/wp\/v2\/product_cat?post=1699"},{"taxonomy":"product_tag","embeddable":true,"href":"https:\/\/staging.letempsjadisauction.com\/en\/wp-json\/wp\/v2\/product_tag?post=1699"}],"curies":[{"name":"wp","href":"https:\/\/api.w.org\/{rel}","templated":true}]}}