{"id":1687,"date":"2025-04-30T14:21:48","date_gmt":"2025-04-30T14:21:48","guid":{"rendered":"https:\/\/staging.letempsjadisauction.com\/?post_type=product&#038;p=1687"},"modified":"2025-05-07T15:53:05","modified_gmt":"2025-05-07T15:53:05","slug":"f-gotte-encrier-orne-doiseaux","status":"publish","type":"product","link":"https:\/\/staging.letempsjadisauction.com\/en\/auction\/f-gotte-encrier-orne-doiseaux\/","title":{"rendered":"24. F. Gott\u00e9 - inkwell decorated with birds"},"content":{"rendered":"<p>F. Gott\u00e9, encrier orn\u00e9 d&rsquo;oiseaux, bronze patin\u00e9 brun, 20e si\u00e8cle, 26,5 x 9,5 x 13 cm, Sign\u00e9 sur les cot\u00e9s<\/p>","protected":false},"excerpt":{"rendered":"<p>F. Gott\u00e9 - inkwell decorated with birds<\/p>","protected":false},"featured_media":1404,"template":"","meta":{"_acf_changed":false,"inline_featured_image":false},"online_sale":[53],"product_brand":[],"product_cat":[18],"product_tag":[],"class_list":{"0":"post-1687","1":"product","2":"type-product","3":"status-publish","4":"has-post-thumbnail","6":"online_sale-mai-2025","7":"product_cat-non-classe","9":"first","10":"instock","11":"shipping-taxable","12":"purchasable","13":"product-type-auction"},"acf":[],"_links":{"self":[{"href":"https:\/\/staging.letempsjadisauction.com\/en\/wp-json\/wp\/v2\/product\/1687","targetHints":{"allow":["GET"]}}],"collection":[{"href":"https:\/\/staging.letempsjadisauction.com\/en\/wp-json\/wp\/v2\/product"}],"about":[{"href":"https:\/\/staging.letempsjadisauction.com\/en\/wp-json\/wp\/v2\/types\/product"}],"wp:featuredmedia":[{"embeddable":true,"href":"https:\/\/staging.letempsjadisauction.com\/en\/wp-json\/wp\/v2\/media\/1404"}],"wp:attachment":[{"href":"https:\/\/staging.letempsjadisauction.com\/en\/wp-json\/wp\/v2\/media?parent=1687"}],"wp:term":[{"taxonomy":"online_sale","embeddable":true,"href":"https:\/\/staging.letempsjadisauction.com\/en\/wp-json\/wp\/v2\/online_sale?post=1687"},{"taxonomy":"product_brand","embeddable":true,"href":"https:\/\/staging.letempsjadisauction.com\/en\/wp-json\/wp\/v2\/product_brand?post=1687"},{"taxonomy":"product_cat","embeddable":true,"href":"https:\/\/staging.letempsjadisauction.com\/en\/wp-json\/wp\/v2\/product_cat?post=1687"},{"taxonomy":"product_tag","embeddable":true,"href":"https:\/\/staging.letempsjadisauction.com\/en\/wp-json\/wp\/v2\/product_tag?post=1687"}],"curies":[{"name":"wp","href":"https:\/\/api.w.org\/{rel}","templated":true}]}}