{"id":1685,"date":"2025-04-30T14:21:35","date_gmt":"2025-04-30T14:21:35","guid":{"rendered":"https:\/\/staging.letempsjadisauction.com\/?post_type=product&#038;p=1685"},"modified":"2025-05-28T09:03:02","modified_gmt":"2025-05-28T09:03:02","slug":"dapres-claire-colinet-statuette-representing-an-andalusian-dancer","status":"publish","type":"product","link":"https:\/\/staging.letempsjadisauction.com\/en\/auction\/dapres-claire-colinet-statuette-representing-an-andalusian-dancer\/","title":{"rendered":"22. After Claire Colinet - Statuette representing an Andalusian dancer"},"content":{"rendered":"<p>D&rsquo;apr\u00e8s Claire Colinet, 1880-1950, Statuette repr\u00e9sentant une danseuse andalouse, Bronze patin\u00e9 et dor\u00e9 avec socle en quartz vert, 20e si\u00e8cle, p\u00e9riode art d\u00e9co, 10,2 x 21,5 cm, Bronze seul : 20 cm, Signature apocryphe Jerome<\/p>","protected":false},"excerpt":{"rendered":"<p>After Claire Colinet - Statuette representing an Andalusian dancer<\/p>","protected":false},"featured_media":1393,"template":"","meta":{"_acf_changed":false,"inline_featured_image":false},"online_sale":[53],"product_brand":[],"product_cat":[18],"product_tag":[],"class_list":{"0":"post-1685","1":"product","2":"type-product","3":"status-publish","4":"has-post-thumbnail","6":"online_sale-mai-2025","7":"product_cat-non-classe","9":"first","10":"instock","11":"shipping-taxable","12":"purchasable","13":"product-type-auction"},"acf":[],"_links":{"self":[{"href":"https:\/\/staging.letempsjadisauction.com\/en\/wp-json\/wp\/v2\/product\/1685","targetHints":{"allow":["GET"]}}],"collection":[{"href":"https:\/\/staging.letempsjadisauction.com\/en\/wp-json\/wp\/v2\/product"}],"about":[{"href":"https:\/\/staging.letempsjadisauction.com\/en\/wp-json\/wp\/v2\/types\/product"}],"wp:featuredmedia":[{"embeddable":true,"href":"https:\/\/staging.letempsjadisauction.com\/en\/wp-json\/wp\/v2\/media\/1393"}],"wp:attachment":[{"href":"https:\/\/staging.letempsjadisauction.com\/en\/wp-json\/wp\/v2\/media?parent=1685"}],"wp:term":[{"taxonomy":"online_sale","embeddable":true,"href":"https:\/\/staging.letempsjadisauction.com\/en\/wp-json\/wp\/v2\/online_sale?post=1685"},{"taxonomy":"product_brand","embeddable":true,"href":"https:\/\/staging.letempsjadisauction.com\/en\/wp-json\/wp\/v2\/product_brand?post=1685"},{"taxonomy":"product_cat","embeddable":true,"href":"https:\/\/staging.letempsjadisauction.com\/en\/wp-json\/wp\/v2\/product_cat?post=1685"},{"taxonomy":"product_tag","embeddable":true,"href":"https:\/\/staging.letempsjadisauction.com\/en\/wp-json\/wp\/v2\/product_tag?post=1685"}],"curies":[{"name":"wp","href":"https:\/\/api.w.org\/{rel}","templated":true}]}}