{"id":1380,"date":"2025-04-30T14:20:54","date_gmt":"2025-04-30T14:20:54","guid":{"rendered":"https:\/\/staging.letempsjadisauction.com\/?post_type=product&#038;p=1380"},"modified":"2025-05-28T08:39:02","modified_gmt":"2025-05-28T08:39:02","slug":"edmund-bennett-english-work-toiletries","status":"publish","type":"product","link":"https:\/\/staging.letempsjadisauction.com\/en\/auction\/edmund-bennett-english-work-toiletries\/","title":{"rendered":"14. Edmund Bennett, English work - Toiletries"},"content":{"rendered":"<p>Edmund Bennett, travail anglais, N\u00e9cessaire de toilette compos\u00e9 de 21 pi\u00e8ces., argent, 1896, 55 x 40 x 16,5, L&rsquo;une des brosses a \u00e9t\u00e9 remplac\u00e9e par une autre aux motifs art nouveau. Accidents sur certaines pi\u00e8ces<\/p>","protected":false},"excerpt":{"rendered":"<p>Edmund Bennett, English work - Toiletries<\/p>","protected":false},"featured_media":1111,"template":"","meta":{"_acf_changed":false,"inline_featured_image":false},"online_sale":[53],"product_brand":[],"product_cat":[18],"product_tag":[],"class_list":{"0":"post-1380","1":"product","2":"type-product","3":"status-publish","4":"has-post-thumbnail","6":"online_sale-mai-2025","7":"product_cat-non-classe","9":"first","10":"instock","11":"shipping-taxable","12":"purchasable","13":"product-type-auction"},"acf":[],"_links":{"self":[{"href":"https:\/\/staging.letempsjadisauction.com\/en\/wp-json\/wp\/v2\/product\/1380","targetHints":{"allow":["GET"]}}],"collection":[{"href":"https:\/\/staging.letempsjadisauction.com\/en\/wp-json\/wp\/v2\/product"}],"about":[{"href":"https:\/\/staging.letempsjadisauction.com\/en\/wp-json\/wp\/v2\/types\/product"}],"wp:featuredmedia":[{"embeddable":true,"href":"https:\/\/staging.letempsjadisauction.com\/en\/wp-json\/wp\/v2\/media\/1111"}],"wp:attachment":[{"href":"https:\/\/staging.letempsjadisauction.com\/en\/wp-json\/wp\/v2\/media?parent=1380"}],"wp:term":[{"taxonomy":"online_sale","embeddable":true,"href":"https:\/\/staging.letempsjadisauction.com\/en\/wp-json\/wp\/v2\/online_sale?post=1380"},{"taxonomy":"product_brand","embeddable":true,"href":"https:\/\/staging.letempsjadisauction.com\/en\/wp-json\/wp\/v2\/product_brand?post=1380"},{"taxonomy":"product_cat","embeddable":true,"href":"https:\/\/staging.letempsjadisauction.com\/en\/wp-json\/wp\/v2\/product_cat?post=1380"},{"taxonomy":"product_tag","embeddable":true,"href":"https:\/\/staging.letempsjadisauction.com\/en\/wp-json\/wp\/v2\/product_tag?post=1380"}],"curies":[{"name":"wp","href":"https:\/\/api.w.org\/{rel}","templated":true}]}}