{"id":1377,"date":"2025-04-30T14:21:05","date_gmt":"2025-04-30T14:21:05","guid":{"rendered":"https:\/\/staging.letempsjadisauction.com\/?post_type=product&#038;p=1377"},"modified":"2025-05-07T15:39:19","modified_gmt":"2025-05-07T15:39:19","slug":"orfevrerie-tetard-freres-orfevrerie-to-identify-lot-of-2-trays","status":"publish","type":"product","link":"https:\/\/staging.letempsjadisauction.com\/en\/auction\/orfevrerie-tetard-freres-orfevrerie-to-identify-lot-of-2-trays\/","title":{"rendered":"11. Orf\u00e8vrerie T\u00e9tard Fr\u00e8res, Goldsmith to be identified - Set of 2 trays"},"content":{"rendered":"<p>Orf\u00e9vrerie T\u00e9tard Fr\u00e8res, Orf\u00e8vre \u00e0 identifier, Lot de 2 plateaux de forme ovale, argent, 19e &#8211; 20e si\u00e8cle, 2377 grammes, poin\u00e7on minerve, poin\u00e7on de maitre, poin\u00e7on \u00e0 identifier, poin\u00e7on argent 800M<\/p>","protected":false},"excerpt":{"rendered":"<p>Orf\u00e8vrerie T\u00e9tard Fr\u00e8res, Goldsmith to be identified - Set of 2 trays<\/p>","protected":false},"featured_media":1095,"template":"","meta":{"_acf_changed":false,"inline_featured_image":false},"online_sale":[53],"product_brand":[],"product_cat":[18],"product_tag":[],"class_list":{"0":"post-1377","1":"product","2":"type-product","3":"status-publish","4":"has-post-thumbnail","6":"online_sale-mai-2025","7":"product_cat-non-classe","9":"first","10":"instock","11":"shipping-taxable","12":"purchasable","13":"product-type-auction"},"acf":[],"_links":{"self":[{"href":"https:\/\/staging.letempsjadisauction.com\/en\/wp-json\/wp\/v2\/product\/1377","targetHints":{"allow":["GET"]}}],"collection":[{"href":"https:\/\/staging.letempsjadisauction.com\/en\/wp-json\/wp\/v2\/product"}],"about":[{"href":"https:\/\/staging.letempsjadisauction.com\/en\/wp-json\/wp\/v2\/types\/product"}],"wp:featuredmedia":[{"embeddable":true,"href":"https:\/\/staging.letempsjadisauction.com\/en\/wp-json\/wp\/v2\/media\/1095"}],"wp:attachment":[{"href":"https:\/\/staging.letempsjadisauction.com\/en\/wp-json\/wp\/v2\/media?parent=1377"}],"wp:term":[{"taxonomy":"online_sale","embeddable":true,"href":"https:\/\/staging.letempsjadisauction.com\/en\/wp-json\/wp\/v2\/online_sale?post=1377"},{"taxonomy":"product_brand","embeddable":true,"href":"https:\/\/staging.letempsjadisauction.com\/en\/wp-json\/wp\/v2\/product_brand?post=1377"},{"taxonomy":"product_cat","embeddable":true,"href":"https:\/\/staging.letempsjadisauction.com\/en\/wp-json\/wp\/v2\/product_cat?post=1377"},{"taxonomy":"product_tag","embeddable":true,"href":"https:\/\/staging.letempsjadisauction.com\/en\/wp-json\/wp\/v2\/product_tag?post=1377"}],"curies":[{"name":"wp","href":"https:\/\/api.w.org\/{rel}","templated":true}]}}