{"id":1376,"date":"2025-04-30T14:20:59","date_gmt":"2025-04-30T14:20:59","guid":{"rendered":"https:\/\/staging.letempsjadisauction.com\/?post_type=product&#038;p=1376"},"modified":"2025-05-28T08:27:19","modified_gmt":"2025-05-28T08:27:19","slug":"orfevre-morand-legumier-et-plateaux","status":"publish","type":"product","link":"https:\/\/staging.letempsjadisauction.com\/en\/auction\/orfevre-morand-legumier-et-plateaux\/","title":{"rendered":"10. Orf\u00e8vre Morand \u2014 L\u00e9gumier et plateau"},"content":{"rendered":"<p>Orf\u00e8vre Morand, L\u00e9gumier et plateau en argent. Surmont\u00e9 d&rsquo;un chou, argent, 20e si\u00e8cle, 35 x 23 cm, 3337 grammes, poin\u00e7on minerve, poincon de maitre<\/p>","protected":false},"excerpt":{"rendered":"<p>Orf\u00e8vre Morand \u2014 L\u00e9gumier et plateau<\/p>","protected":false},"featured_media":1091,"template":"","meta":{"_acf_changed":false,"inline_featured_image":false},"online_sale":[53],"product_brand":[],"product_cat":[18],"product_tag":[],"class_list":{"0":"post-1376","1":"product","2":"type-product","3":"status-publish","4":"has-post-thumbnail","6":"online_sale-mai-2025","7":"product_cat-non-classe","9":"first","10":"instock","11":"shipping-taxable","12":"purchasable","13":"product-type-auction"},"acf":[],"_links":{"self":[{"href":"https:\/\/staging.letempsjadisauction.com\/en\/wp-json\/wp\/v2\/product\/1376","targetHints":{"allow":["GET"]}}],"collection":[{"href":"https:\/\/staging.letempsjadisauction.com\/en\/wp-json\/wp\/v2\/product"}],"about":[{"href":"https:\/\/staging.letempsjadisauction.com\/en\/wp-json\/wp\/v2\/types\/product"}],"wp:featuredmedia":[{"embeddable":true,"href":"https:\/\/staging.letempsjadisauction.com\/en\/wp-json\/wp\/v2\/media\/1091"}],"wp:attachment":[{"href":"https:\/\/staging.letempsjadisauction.com\/en\/wp-json\/wp\/v2\/media?parent=1376"}],"wp:term":[{"taxonomy":"online_sale","embeddable":true,"href":"https:\/\/staging.letempsjadisauction.com\/en\/wp-json\/wp\/v2\/online_sale?post=1376"},{"taxonomy":"product_brand","embeddable":true,"href":"https:\/\/staging.letempsjadisauction.com\/en\/wp-json\/wp\/v2\/product_brand?post=1376"},{"taxonomy":"product_cat","embeddable":true,"href":"https:\/\/staging.letempsjadisauction.com\/en\/wp-json\/wp\/v2\/product_cat?post=1376"},{"taxonomy":"product_tag","embeddable":true,"href":"https:\/\/staging.letempsjadisauction.com\/en\/wp-json\/wp\/v2\/product_tag?post=1376"}],"curies":[{"name":"wp","href":"https:\/\/api.w.org\/{rel}","templated":true}]}}