{"id":1373,"date":"2025-04-30T14:21:01","date_gmt":"2025-04-30T14:21:01","guid":{"rendered":"https:\/\/staging.letempsjadisauction.com\/?post_type=product&#038;p=1373"},"modified":"2025-05-28T08:18:03","modified_gmt":"2025-05-28T08:18:03","slug":"orfevrerie-wolfers-menagere","status":"publish","type":"product","link":"https:\/\/staging.letempsjadisauction.com\/en\/auction\/orfevrerie-wolfers-menagere\/","title":{"rendered":"7. Orf\u00e8vrerie Wolfers - M\u00e9nag\u00e8re"},"content":{"rendered":"<p>Orf\u00e8vrerie Wolfers, M\u00e9nag\u00e8re compos\u00e9e de 4 s\u00e9ries de 12 couverts, fourchettes et cuill\u00e8res. Mod\u00e8le au filet, argent, 20e si\u00e8cle, 2544 grammes, poin\u00e7on 800 et poin\u00e7on de maitre<\/p>","protected":false},"excerpt":{"rendered":"<p>Orf\u00e8vrerie Wolfers - Housewares<\/p>","protected":false},"featured_media":1076,"template":"","meta":{"_acf_changed":false,"inline_featured_image":false},"online_sale":[53],"product_brand":[],"product_cat":[18],"product_tag":[],"class_list":{"0":"post-1373","1":"product","2":"type-product","3":"status-publish","4":"has-post-thumbnail","6":"online_sale-mai-2025","7":"product_cat-non-classe","9":"first","10":"instock","11":"shipping-taxable","12":"purchasable","13":"product-type-auction"},"acf":[],"_links":{"self":[{"href":"https:\/\/staging.letempsjadisauction.com\/en\/wp-json\/wp\/v2\/product\/1373","targetHints":{"allow":["GET"]}}],"collection":[{"href":"https:\/\/staging.letempsjadisauction.com\/en\/wp-json\/wp\/v2\/product"}],"about":[{"href":"https:\/\/staging.letempsjadisauction.com\/en\/wp-json\/wp\/v2\/types\/product"}],"wp:featuredmedia":[{"embeddable":true,"href":"https:\/\/staging.letempsjadisauction.com\/en\/wp-json\/wp\/v2\/media\/1076"}],"wp:attachment":[{"href":"https:\/\/staging.letempsjadisauction.com\/en\/wp-json\/wp\/v2\/media?parent=1373"}],"wp:term":[{"taxonomy":"online_sale","embeddable":true,"href":"https:\/\/staging.letempsjadisauction.com\/en\/wp-json\/wp\/v2\/online_sale?post=1373"},{"taxonomy":"product_brand","embeddable":true,"href":"https:\/\/staging.letempsjadisauction.com\/en\/wp-json\/wp\/v2\/product_brand?post=1373"},{"taxonomy":"product_cat","embeddable":true,"href":"https:\/\/staging.letempsjadisauction.com\/en\/wp-json\/wp\/v2\/product_cat?post=1373"},{"taxonomy":"product_tag","embeddable":true,"href":"https:\/\/staging.letempsjadisauction.com\/en\/wp-json\/wp\/v2\/product_tag?post=1373"}],"curies":[{"name":"wp","href":"https:\/\/api.w.org\/{rel}","templated":true}]}}